{"id":385,"date":"2023-01-19T15:47:24","date_gmt":"2023-01-19T14:47:24","guid":{"rendered":"https:\/\/catherine-bluteau.fr\/?page_id=385"},"modified":"2023-01-27T12:53:31","modified_gmt":"2023-01-27T11:53:31","slug":"psychopathologie-relationnelle","status":"publish","type":"page","link":"https:\/\/catherine-bluteau.fr\/index.php\/formations\/psychopathologie-relationnelle\/","title":{"rendered":"Psychopathologie Relationnelle"},"content":{"rendered":"\n<section id=\"services\" class=\"wp-block-themeisle-blocks-advanced-columns alignfull has-1-columns has-desktop-equal-layout has-tablet-equal-layout has-mobile-equal-layout has-vertical-flex-start\"><div class=\"wp-block-themeisle-blocks-advanced-columns-overlay\"><\/div><div class=\"innerblocks-wrap\">\n<div id=\"wp-block-themeisle-blocks-advanced-column-9642dc3f\" class=\"wp-block-themeisle-blocks-advanced-column\">\n<section id=\"wp-block-themeisle-blocks-advanced-columns-62d68e08\" class=\"wp-block-themeisle-blocks-advanced-columns has-1-columns has-desktop-equal-layout has-tablet-equal-layout has-mobile-equal-layout has-vertical-flex-start\"><div class=\"wp-block-themeisle-blocks-advanced-columns-overlay\"><\/div><div class=\"innerblocks-wrap\">\n<div id=\"wp-block-themeisle-blocks-advanced-column-ba020b38\" class=\"wp-block-themeisle-blocks-advanced-column\">\n<h1 class=\"has-text-align-center has-white-color has-text-color wp-block-heading\">Psychopathologie Relationnelle<\/h1>\n\n\n\n<div style=\"height:20px\" aria-hidden=\"true\" class=\"wp-block-spacer\"><\/div>\n<\/div>\n<\/div><\/section>\n\n\n<div class=\"wp-block-image\">\n<figure class=\"aligncenter size-full\"><img decoding=\"async\" src=\"https:\/\/demosites.io\/otter\/wp-content\/uploads\/sites\/664\/2022\/09\/otter-demo-01.png\" alt=\"\" class=\"wp-image-311\"\/><\/figure>\n<\/div>\n\n\n<div style=\"height:20px\" aria-hidden=\"true\" class=\"wp-block-spacer\"><\/div>\n\n\n\n<section id=\"wp-block-themeisle-blocks-advanced-columns-c568fbc0\" class=\"wp-block-themeisle-blocks-advanced-columns has-2-columns has-desktop-equal-layout has-tablet-equal-layout has-mobile-collapsedRows-layout has-vertical-flex-start\"><div class=\"wp-block-themeisle-blocks-advanced-columns-overlay\"><\/div><div class=\"innerblocks-wrap\">\n<div id=\"wp-block-themeisle-blocks-advanced-column-46197171\" class=\"wp-block-themeisle-blocks-advanced-column\">\n<h3 id=\"wp-block-themeisle-blocks-advanced-heading-2ec6c5e2\" class=\"wp-block-themeisle-blocks-advanced-heading wp-block-themeisle-blocks-advanced-heading-2ec6c5e2\">Jour 1 : Bases de psychopathologie<\/h3>\n\n\n\n<p><\/p>\n\n\n\n<p class=\"has-text-align-center has-body-color has-text-color\" style=\"font-size:18px\">Les diverses formes de troubles (anxieux, personnalit\u00e9, humeur, psychotique)<\/p>\n\n\n\n<p class=\"has-text-align-center has-body-color has-text-color\" style=\"font-size:18px\">Distinction n\u00e9vroses &#8211; psychoses<\/p>\n\n\n\n<p class=\"has-text-align-center has-body-color has-text-color\" style=\"font-size:18px\">La diff\u00e9renciation de l\u2019individu et les fonctions maternelle et paternelle<\/p>\n\n\n\n<p class=\"has-text-align-center has-body-color has-text-color\" style=\"font-size:18px\">La personnalit\u00e9 \u201cnormale\u201d et \u201cpathologique\u201d<\/p>\n<\/div>\n\n\n\n<div id=\"wp-block-themeisle-blocks-advanced-column-7465c66f\" class=\"wp-block-themeisle-blocks-advanced-column\">\n<h3 id=\"wp-block-themeisle-blocks-advanced-heading-24bf7e06\" class=\"wp-block-themeisle-blocks-advanced-heading wp-block-themeisle-blocks-advanced-heading-24bf7e06\">Jour 2 : Les troubles de la personnalit\u00e9\u00a0 <\/h3>\n\n\n\n<p><\/p>\n\n\n\n<p class=\"has-text-align-center has-body-color has-text-color\" style=\"font-size:18px\">Les enjeux d\u00e9veloppementaux (S\u00e9curit\u00e9 et attachement, Fronti\u00e8res soi\/autre, Estime de soi, Libert\u00e9 et s\u00e9paration, amour et sexualit\u00e9)<\/p>\n\n\n\n<p class=\"has-text-align-center has-body-color has-text-color\" style=\"font-size:18px\">Le complexe d\u2019Oedipe<\/p>\n\n\n\n<p class=\"has-text-align-center has-body-color has-text-color\" style=\"font-size:18px\">Les p\u00f4les psychopathologiques : versant psychotique\/ \u00c9tats limites\/ versant n\u00e9vrotique et les troubles de la personnalit\u00e9 qui y sont li\u00e9s.<\/p>\n<\/div>\n<\/div><\/section>\n<\/div>\n<\/div><\/section>\n","protected":false},"excerpt":{"rendered":"","protected":false},"author":1,"featured_media":0,"parent":21,"menu_order":0,"comment_status":"closed","ping_status":"closed","template":"","meta":{"neve_meta_sidebar":"","neve_meta_container":"","neve_meta_enable_content_width":"","neve_meta_content_width":0,"neve_meta_title_alignment":"","neve_meta_author_avatar":"","neve_post_elements_order":"","neve_meta_disable_header":"","neve_meta_disable_footer":"","neve_meta_disable_title":"","_themeisle_gutenberg_block_has_review":false,"footnotes":""},"class_list":["post-385","page","type-page","status-publish","hentry"],"yoast_head":"<!-- This site is optimized with the Yoast SEO plugin v27.4 - https:\/\/yoast.com\/product\/yoast-seo-wordpress\/ -->\n<title>Psychopathologie Relationnelle - Catherine Bluteau<\/title>\n<meta name=\"robots\" content=\"index, follow, max-snippet:-1, max-image-preview:large, max-video-preview:-1\" \/>\n<link rel=\"canonical\" href=\"https:\/\/catherine-bluteau.fr\/index.php\/formations\/psychopathologie-relationnelle\/\" \/>\n<meta property=\"og:locale\" content=\"fr_FR\" \/>\n<meta property=\"og:type\" content=\"article\" \/>\n<meta property=\"og:title\" content=\"Psychopathologie Relationnelle - Catherine Bluteau\" \/>\n<meta property=\"og:url\" content=\"https:\/\/catherine-bluteau.fr\/index.php\/formations\/psychopathologie-relationnelle\/\" \/>\n<meta property=\"og:site_name\" content=\"Catherine Bluteau\" \/>\n<meta property=\"article:publisher\" content=\"https:\/\/fr-fr.facebook.com\/people\/Catherine-Bluteau\/100003231347410\/\" \/>\n<meta property=\"article:modified_time\" content=\"2023-01-27T11:53:31+00:00\" \/>\n<meta property=\"og:image\" content=\"https:\/\/demosites.io\/otter\/wp-content\/uploads\/sites\/664\/2022\/09\/otter-demo-01.png\" \/>\n<meta name=\"twitter:card\" content=\"summary_large_image\" \/>\n<meta name=\"twitter:label1\" content=\"Dur\u00e9e de lecture estim\u00e9e\" \/>\n\t<meta name=\"twitter:data1\" content=\"1 minute\" \/>\n<script type=\"application\/ld+json\" class=\"yoast-schema-graph\">{\"@context\":\"https:\\\/\\\/schema.org\",\"@graph\":[{\"@type\":\"WebPage\",\"@id\":\"https:\\\/\\\/catherine-bluteau.fr\\\/index.php\\\/formations\\\/psychopathologie-relationnelle\\\/\",\"url\":\"https:\\\/\\\/catherine-bluteau.fr\\\/index.php\\\/formations\\\/psychopathologie-relationnelle\\\/\",\"name\":\"Psychopathologie Relationnelle - Catherine Bluteau\",\"isPartOf\":{\"@id\":\"https:\\\/\\\/catherine-bluteau.fr\\\/#website\"},\"primaryImageOfPage\":{\"@id\":\"https:\\\/\\\/catherine-bluteau.fr\\\/index.php\\\/formations\\\/psychopathologie-relationnelle\\\/#primaryimage\"},\"image\":{\"@id\":\"https:\\\/\\\/catherine-bluteau.fr\\\/index.php\\\/formations\\\/psychopathologie-relationnelle\\\/#primaryimage\"},\"thumbnailUrl\":\"https:\\\/\\\/demosites.io\\\/otter\\\/wp-content\\\/uploads\\\/sites\\\/664\\\/2022\\\/09\\\/otter-demo-01.png\",\"datePublished\":\"2023-01-19T14:47:24+00:00\",\"dateModified\":\"2023-01-27T11:53:31+00:00\",\"breadcrumb\":{\"@id\":\"https:\\\/\\\/catherine-bluteau.fr\\\/index.php\\\/formations\\\/psychopathologie-relationnelle\\\/#breadcrumb\"},\"inLanguage\":\"fr-FR\",\"potentialAction\":[{\"@type\":\"ReadAction\",\"target\":[\"https:\\\/\\\/catherine-bluteau.fr\\\/index.php\\\/formations\\\/psychopathologie-relationnelle\\\/\"]}]},{\"@type\":\"ImageObject\",\"inLanguage\":\"fr-FR\",\"@id\":\"https:\\\/\\\/catherine-bluteau.fr\\\/index.php\\\/formations\\\/psychopathologie-relationnelle\\\/#primaryimage\",\"url\":\"https:\\\/\\\/demosites.io\\\/otter\\\/wp-content\\\/uploads\\\/sites\\\/664\\\/2022\\\/09\\\/otter-demo-01.png\",\"contentUrl\":\"https:\\\/\\\/demosites.io\\\/otter\\\/wp-content\\\/uploads\\\/sites\\\/664\\\/2022\\\/09\\\/otter-demo-01.png\"},{\"@type\":\"BreadcrumbList\",\"@id\":\"https:\\\/\\\/catherine-bluteau.fr\\\/index.php\\\/formations\\\/psychopathologie-relationnelle\\\/#breadcrumb\",\"itemListElement\":[{\"@type\":\"ListItem\",\"position\":1,\"name\":\"Accueil\",\"item\":\"https:\\\/\\\/catherine-bluteau.fr\\\/\"},{\"@type\":\"ListItem\",\"position\":2,\"name\":\"Formations\",\"item\":\"https:\\\/\\\/catherine-bluteau.fr\\\/index.php\\\/formations\\\/\"},{\"@type\":\"ListItem\",\"position\":3,\"name\":\"Psychopathologie Relationnelle\"}]},{\"@type\":\"WebSite\",\"@id\":\"https:\\\/\\\/catherine-bluteau.fr\\\/#website\",\"url\":\"https:\\\/\\\/catherine-bluteau.fr\\\/\",\"name\":\"Catherine Bluteau\",\"description\":\"\",\"publisher\":{\"@id\":\"https:\\\/\\\/catherine-bluteau.fr\\\/#organization\"},\"potentialAction\":[{\"@type\":\"SearchAction\",\"target\":{\"@type\":\"EntryPoint\",\"urlTemplate\":\"https:\\\/\\\/catherine-bluteau.fr\\\/?s={search_term_string}\"},\"query-input\":{\"@type\":\"PropertyValueSpecification\",\"valueRequired\":true,\"valueName\":\"search_term_string\"}}],\"inLanguage\":\"fr-FR\"},{\"@type\":\"Organization\",\"@id\":\"https:\\\/\\\/catherine-bluteau.fr\\\/#organization\",\"name\":\"Catherine Bluteau\",\"url\":\"https:\\\/\\\/catherine-bluteau.fr\\\/\",\"logo\":{\"@type\":\"ImageObject\",\"inLanguage\":\"fr-FR\",\"@id\":\"https:\\\/\\\/catherine-bluteau.fr\\\/#\\\/schema\\\/logo\\\/image\\\/\",\"url\":\"https:\\\/\\\/catherine-bluteau.fr\\\/wp-content\\\/uploads\\\/2022\\\/10\\\/cropped-c.Bluteau.png\",\"contentUrl\":\"https:\\\/\\\/catherine-bluteau.fr\\\/wp-content\\\/uploads\\\/2022\\\/10\\\/cropped-c.Bluteau.png\",\"width\":200,\"height\":200,\"caption\":\"Catherine Bluteau\"},\"image\":{\"@id\":\"https:\\\/\\\/catherine-bluteau.fr\\\/#\\\/schema\\\/logo\\\/image\\\/\"},\"sameAs\":[\"https:\\\/\\\/fr-fr.facebook.com\\\/people\\\/Catherine-Bluteau\\\/100003231347410\\\/\",\"https:\\\/\\\/www.instagram.com\\\/catherine_bluteau_psychotherap\\\/\"]}]}<\/script>\n<!-- \/ Yoast SEO plugin. -->","yoast_head_json":{"title":"Psychopathologie Relationnelle - Catherine Bluteau","robots":{"index":"index","follow":"follow","max-snippet":"max-snippet:-1","max-image-preview":"max-image-preview:large","max-video-preview":"max-video-preview:-1"},"canonical":"https:\/\/catherine-bluteau.fr\/index.php\/formations\/psychopathologie-relationnelle\/","og_locale":"fr_FR","og_type":"article","og_title":"Psychopathologie Relationnelle - Catherine Bluteau","og_url":"https:\/\/catherine-bluteau.fr\/index.php\/formations\/psychopathologie-relationnelle\/","og_site_name":"Catherine Bluteau","article_publisher":"https:\/\/fr-fr.facebook.com\/people\/Catherine-Bluteau\/100003231347410\/","article_modified_time":"2023-01-27T11:53:31+00:00","og_image":[{"url":"https:\/\/demosites.io\/otter\/wp-content\/uploads\/sites\/664\/2022\/09\/otter-demo-01.png","type":"","width":"","height":""}],"twitter_card":"summary_large_image","twitter_misc":{"Dur\u00e9e de lecture estim\u00e9e":"1 minute"},"schema":{"@context":"https:\/\/schema.org","@graph":[{"@type":"WebPage","@id":"https:\/\/catherine-bluteau.fr\/index.php\/formations\/psychopathologie-relationnelle\/","url":"https:\/\/catherine-bluteau.fr\/index.php\/formations\/psychopathologie-relationnelle\/","name":"Psychopathologie Relationnelle - Catherine Bluteau","isPartOf":{"@id":"https:\/\/catherine-bluteau.fr\/#website"},"primaryImageOfPage":{"@id":"https:\/\/catherine-bluteau.fr\/index.php\/formations\/psychopathologie-relationnelle\/#primaryimage"},"image":{"@id":"https:\/\/catherine-bluteau.fr\/index.php\/formations\/psychopathologie-relationnelle\/#primaryimage"},"thumbnailUrl":"https:\/\/demosites.io\/otter\/wp-content\/uploads\/sites\/664\/2022\/09\/otter-demo-01.png","datePublished":"2023-01-19T14:47:24+00:00","dateModified":"2023-01-27T11:53:31+00:00","breadcrumb":{"@id":"https:\/\/catherine-bluteau.fr\/index.php\/formations\/psychopathologie-relationnelle\/#breadcrumb"},"inLanguage":"fr-FR","potentialAction":[{"@type":"ReadAction","target":["https:\/\/catherine-bluteau.fr\/index.php\/formations\/psychopathologie-relationnelle\/"]}]},{"@type":"ImageObject","inLanguage":"fr-FR","@id":"https:\/\/catherine-bluteau.fr\/index.php\/formations\/psychopathologie-relationnelle\/#primaryimage","url":"https:\/\/demosites.io\/otter\/wp-content\/uploads\/sites\/664\/2022\/09\/otter-demo-01.png","contentUrl":"https:\/\/demosites.io\/otter\/wp-content\/uploads\/sites\/664\/2022\/09\/otter-demo-01.png"},{"@type":"BreadcrumbList","@id":"https:\/\/catherine-bluteau.fr\/index.php\/formations\/psychopathologie-relationnelle\/#breadcrumb","itemListElement":[{"@type":"ListItem","position":1,"name":"Accueil","item":"https:\/\/catherine-bluteau.fr\/"},{"@type":"ListItem","position":2,"name":"Formations","item":"https:\/\/catherine-bluteau.fr\/index.php\/formations\/"},{"@type":"ListItem","position":3,"name":"Psychopathologie Relationnelle"}]},{"@type":"WebSite","@id":"https:\/\/catherine-bluteau.fr\/#website","url":"https:\/\/catherine-bluteau.fr\/","name":"Catherine Bluteau","description":"","publisher":{"@id":"https:\/\/catherine-bluteau.fr\/#organization"},"potentialAction":[{"@type":"SearchAction","target":{"@type":"EntryPoint","urlTemplate":"https:\/\/catherine-bluteau.fr\/?s={search_term_string}"},"query-input":{"@type":"PropertyValueSpecification","valueRequired":true,"valueName":"search_term_string"}}],"inLanguage":"fr-FR"},{"@type":"Organization","@id":"https:\/\/catherine-bluteau.fr\/#organization","name":"Catherine Bluteau","url":"https:\/\/catherine-bluteau.fr\/","logo":{"@type":"ImageObject","inLanguage":"fr-FR","@id":"https:\/\/catherine-bluteau.fr\/#\/schema\/logo\/image\/","url":"https:\/\/catherine-bluteau.fr\/wp-content\/uploads\/2022\/10\/cropped-c.Bluteau.png","contentUrl":"https:\/\/catherine-bluteau.fr\/wp-content\/uploads\/2022\/10\/cropped-c.Bluteau.png","width":200,"height":200,"caption":"Catherine Bluteau"},"image":{"@id":"https:\/\/catherine-bluteau.fr\/#\/schema\/logo\/image\/"},"sameAs":["https:\/\/fr-fr.facebook.com\/people\/Catherine-Bluteau\/100003231347410\/","https:\/\/www.instagram.com\/catherine_bluteau_psychotherap\/"]}]}},"_links":{"self":[{"href":"https:\/\/catherine-bluteau.fr\/index.php\/wp-json\/wp\/v2\/pages\/385","targetHints":{"allow":["GET"]}}],"collection":[{"href":"https:\/\/catherine-bluteau.fr\/index.php\/wp-json\/wp\/v2\/pages"}],"about":[{"href":"https:\/\/catherine-bluteau.fr\/index.php\/wp-json\/wp\/v2\/types\/page"}],"author":[{"embeddable":true,"href":"https:\/\/catherine-bluteau.fr\/index.php\/wp-json\/wp\/v2\/users\/1"}],"replies":[{"embeddable":true,"href":"https:\/\/catherine-bluteau.fr\/index.php\/wp-json\/wp\/v2\/comments?post=385"}],"version-history":[{"count":7,"href":"https:\/\/catherine-bluteau.fr\/index.php\/wp-json\/wp\/v2\/pages\/385\/revisions"}],"predecessor-version":[{"id":662,"href":"https:\/\/catherine-bluteau.fr\/index.php\/wp-json\/wp\/v2\/pages\/385\/revisions\/662"}],"up":[{"embeddable":true,"href":"https:\/\/catherine-bluteau.fr\/index.php\/wp-json\/wp\/v2\/pages\/21"}],"wp:attachment":[{"href":"https:\/\/catherine-bluteau.fr\/index.php\/wp-json\/wp\/v2\/media?parent=385"}],"curies":[{"name":"wp","href":"https:\/\/api.w.org\/{rel}","templated":true}]}}