{"id":38,"date":"2022-10-24T15:57:46","date_gmt":"2022-10-24T13:57:46","guid":{"rendered":"https:\/\/catherine-bluteau.fr\/?page_id=38"},"modified":"2023-01-27T12:48:52","modified_gmt":"2023-01-27T11:48:52","slug":"accompagnements","status":"publish","type":"page","link":"https:\/\/catherine-bluteau.fr\/index.php\/accompagnements\/","title":{"rendered":"Accompagnements"},"content":{"rendered":"\n<div class=\"wp-block-columns is-layout-flex wp-container-core-columns-is-layout-9d6595d7 wp-block-columns-is-layout-flex\">\n<div class=\"wp-block-column is-layout-flow wp-block-column-is-layout-flow\"><\/div>\n<\/div>\n\n\n\n<figure class=\"wp-block-pullquote alignwide has-medium-font-size\"><blockquote><p>\u00ab\u00a0<em>L&rsquo;accompagnement impose l&rsquo;humilit\u00e9 d&rsquo;une attente <br>dont chaque instant est un don<\/em>.\u00a0\u00bb<\/p><cite>Yehudi Menuhin<\/cite><\/blockquote><\/figure>\n\n\n\n<div id=\"wp-block-themeisle-blocks-advanced-columns-d738bad6\" class=\"wp-block-themeisle-blocks-advanced-columns alignfull has-1-columns has-desktop-equal-layout has-tablet-equal-layout has-mobile-collapsedRows-layout has-vertical-center ticss-c00aadba\"><div class=\"wp-block-themeisle-blocks-advanced-columns-overlay\"><\/div><div class=\"innerblocks-wrap\">\n<div id=\"wp-block-themeisle-blocks-advanced-column-bbd8db2b\" class=\"wp-block-themeisle-blocks-advanced-column\">\n<div id=\"wp-block-themeisle-blocks-advanced-columns-8a6512ea\" class=\"wp-block-themeisle-blocks-advanced-columns has-1-columns has-desktop-equal-layout has-tablet-equal-layout has-mobile-equal-layout has-vertical-center\"><div class=\"wp-block-themeisle-blocks-advanced-columns-overlay\"><\/div><div class=\"innerblocks-wrap\">\n<div id=\"wp-block-themeisle-blocks-advanced-column-716bb10f\" class=\"wp-block-themeisle-blocks-advanced-column\">\n<div class=\"wp-block-columns is-layout-flex wp-container-core-columns-is-layout-9d6595d7 wp-block-columns-is-layout-flex\">\n<div class=\"wp-block-column is-layout-flow wp-block-column-is-layout-flow\">\n<div class=\"wp-block-columns is-layout-flex wp-container-core-columns-is-layout-9d6595d7 wp-block-columns-is-layout-flex\">\n<div class=\"wp-block-column is-layout-flow wp-block-column-is-layout-flow\">\n<div class=\"wp-block-media-text alignwide is-stacked-on-mobile\" style=\"grid-template-columns:24% auto\"><figure class=\"wp-block-media-text__media\"><img loading=\"lazy\" decoding=\"async\" width=\"2560\" height=\"2560\" src=\"https:\/\/catherine-bluteau.fr\/wp-content\/uploads\/2022\/10\/IMG_20211024_183240_865-scaled.jpg\" alt=\"\" class=\"wp-image-137 size-full\" srcset=\"https:\/\/catherine-bluteau.fr\/wp-content\/uploads\/2022\/10\/IMG_20211024_183240_865-scaled.jpg 2560w, https:\/\/catherine-bluteau.fr\/wp-content\/uploads\/2022\/10\/IMG_20211024_183240_865-300x300.jpg 300w, https:\/\/catherine-bluteau.fr\/wp-content\/uploads\/2022\/10\/IMG_20211024_183240_865-1024x1024.jpg 1024w, https:\/\/catherine-bluteau.fr\/wp-content\/uploads\/2022\/10\/IMG_20211024_183240_865-150x150.jpg 150w, https:\/\/catherine-bluteau.fr\/wp-content\/uploads\/2022\/10\/IMG_20211024_183240_865-768x768.jpg 768w, https:\/\/catherine-bluteau.fr\/wp-content\/uploads\/2022\/10\/IMG_20211024_183240_865-1536x1536.jpg 1536w, https:\/\/catherine-bluteau.fr\/wp-content\/uploads\/2022\/10\/IMG_20211024_183240_865-2048x2048.jpg 2048w\" sizes=\"auto, (max-width: 2560px) 100vw, 2560px\" \/><\/figure><div class=\"wp-block-media-text__content\">\n<div style=\"height:37px\" aria-hidden=\"true\" class=\"wp-block-spacer\"><\/div>\n\n\n\n<p>\u25cf Tarif pour une s\u00e9ance de suivi (50 min) : <strong>55 euros<\/strong> .<\/p>\n\n\n\n<p>\u25cf Tarif pour une s\u00e9ance ponctuelle (80 min) : <strong>75 euros<\/strong> .<\/p>\n\n\n\n<div style=\"height:24px\" aria-hidden=\"true\" class=\"wp-block-spacer\"><\/div>\n\n\n\n<p>\u25cf Des s\u00e9ances de <strong>danse-th\u00e9rapie <\/strong>sont \u00e9galement propos\u00e9es sur<strong> forfait de 5 s\u00e9ances hebdomadaires <\/strong>(forfait renouvelable), pour un tarif de <strong>255 euros<\/strong> avec engagement sur 5 s\u00e9ances.<\/p>\n\n\n\n<p>\u25cf Pour les s\u00e9ances de danse th\u00e9rapie et de m\u00e9ditation pensez \u00e0 venir avec un <strong>pantalon souple<\/strong> et une <strong>bouteille d\u2019eau<\/strong>.<\/p>\n<\/div><\/div>\n<\/div>\n<\/div>\n<\/div>\n<\/div>\n<\/div>\n<\/div><\/div>\n\n\n\n<div id=\"wp-block-themeisle-blocks-advanced-columns-7f744968\" class=\"wp-block-themeisle-blocks-advanced-columns has-3-columns has-desktop-equal-layout has-tablet-equal-layout has-mobile-collapsedRows-layout has-vertical-top\"><div class=\"wp-block-themeisle-blocks-advanced-columns-overlay\"><\/div><div class=\"innerblocks-wrap\">\n<div id=\"wp-block-themeisle-blocks-advanced-column-1430d2f1\" class=\"wp-block-themeisle-blocks-advanced-column\">\n<div id=\"wp-block-themeisle-blocks-flip-123c6ebb\" class=\"wp-block-themeisle-blocks-flip anim flipX\"><div class=\"o-flip-inner\"><div class=\"o-flip-front\"><div class=\"o-flip-content\"><h3>C\u2019EST QUOI ?<\/h3><p><\/p><\/div><\/div><div class=\"o-flip-back\">\n<p>La th\u00e9rapie que je propose est <strong>int\u00e9grative<\/strong>, c\u2019est-\u00e0-dire qu\u2019elle int\u00e8gre et combine plusieurs <strong>m\u00e9thodes <\/strong>ce qui cr\u00e9e un <strong>accompagnement unique<\/strong>.<\/p>\n\n\n\n<p><strong>Cette th\u00e9rapie<\/strong> est dite humaniste dans le sens o\u00f9 le travail propos\u00e9 consid\u00e8re l&rsquo;\u00eatre humain dans sa globalit\u00e9 (corps, \u00e9motionnel, esprit, \u00e2me).<br>L\u2019accompagnement am\u00e8ne petit \u00e0 petit la personne \u00e0 <strong>prendre conscience de sa propre valeur dans le monde<\/strong>.<br>Elle est ainsi encourag\u00e9e \u00e0 <strong>s\u2019affirmer<\/strong> dans sa vie, \u00e0 partager ses ressentis avec les autres et \u00e0 agir pour son propre <strong>bien-\u00eatre<\/strong>, et les projets qui lui tiennent \u00e0 c\u0153ur.<\/p>\n<\/div><\/div><\/div>\n<\/div>\n\n\n\n<div id=\"wp-block-themeisle-blocks-advanced-column-4b138e01\" class=\"wp-block-themeisle-blocks-advanced-column\">\n<div id=\"wp-block-themeisle-blocks-flip-2c636530\" class=\"wp-block-themeisle-blocks-flip anim flipX\"><div class=\"o-flip-inner\"><div class=\"o-flip-front\"><div class=\"o-flip-content\"><h3>C\u2019EST POUR QUI ?<\/h3><p><\/p><\/div><\/div><div class=\"o-flip-back\">\n<div class=\"wp-block-columns is-layout-flex wp-container-core-columns-is-layout-9d6595d7 wp-block-columns-is-layout-flex\">\n<div class=\"wp-block-column is-layout-flow wp-block-column-is-layout-flow\">\n<p><strong>Ce type de th\u00e9rapie s\u2019adresse \u00e0 toutes personnes qui souhaitent mettre du sens sur leurs parcours et les al\u00e9as qui l&rsquo;ont jalonn\u00e9, et \u00e9voluer vers de nouvelles perspectives.<\/strong><\/p>\n\n\n\n<p>Il demande <strong>un engagement<\/strong>, avant tout <strong>envers vous-m\u00eame<\/strong>, mais aussi envers <strong>le processus<\/strong> mis \u00e0 l\u2019\u0153uvre, et \u00e9galement envers la <strong>th\u00e9rapeute<\/strong>.&nbsp;<\/p>\n\n\n\n<p>Il permet un travail de <strong>conscience de soi<\/strong>, de <strong>connaissance de soi <\/strong>et de <strong>construction de soi<\/strong>.&nbsp;<br><\/p>\n<\/div>\n<\/div>\n<\/div><\/div><\/div>\n<\/div>\n\n\n\n<div id=\"wp-block-themeisle-blocks-advanced-column-eefc33b9\" class=\"wp-block-themeisle-blocks-advanced-column\">\n<div id=\"wp-block-themeisle-blocks-flip-6323a328\" class=\"wp-block-themeisle-blocks-flip anim flipX\"><div class=\"o-flip-inner\"><div class=\"o-flip-front\"><div class=\"o-flip-content\"><h3>COMMENT \u00c7A SE PASSE ?<\/h3><p><\/p><\/div><\/div><div class=\"o-flip-back\">\n<h3 class=\"wp-block-heading\">Lorem ipsum<\/h3>\n\n\n\n<p><\/p>\n\n\n\n<p><\/p>\n\n\n\n<p><\/p>\n\n\n\n<p><\/p>\n\n\n\n<p><\/p>\n\n\n\n<p>Les transformations s&rsquo;op\u00e8rent <strong>pas \u00e0 pas<\/strong>, dans l&rsquo;observation de ce qui se vit l\u00e0 pour vous, ici et maintenant, qui peut \u00eatre mis en forme et regard\u00e9 sous un <strong>angle neuf<\/strong>, dans l<strong>&lsquo;espace relationnel de la th\u00e9rapie<\/strong>.<br><br>Les s\u00e9ances durent 50 minutes.<br>Le suivi est d\u2019un <strong>rendez-vous hebdomadaire<\/strong> dans un premier temps afin de lancer une v\u00e9ritable dynamique du processus th\u00e9rapeutique.<br>(Apr\u00e8s un certain temps, on peut passer \u00e0 un rendez-vous tous les 15 jours.)<br><strong>Tout d\u00e9sistement devra se faire 48h \u00e0 l\u2019avance.<\/strong><br><br>La d\u00e9cision d\u2019arr\u00eat du suivi n\u00e9cessitera au moins une s\u00e9ance de bilan, afin de faire le point sur votre cheminement.<\/p>\n<\/div><\/div><\/div>\n<\/div>\n<\/div><\/div>\n<\/div>\n<\/div><\/div>\n","protected":false},"excerpt":{"rendered":"<p>\u00ab\u00a0L&rsquo;accompagnement impose l&rsquo;humilit\u00e9 d&rsquo;une attente dont chaque instant est un don.\u00a0\u00bb Yehudi Menuhin<\/p>\n","protected":false},"author":1,"featured_media":0,"parent":0,"menu_order":0,"comment_status":"closed","ping_status":"closed","template":"","meta":{"neve_meta_sidebar":"","neve_meta_container":"","neve_meta_enable_content_width":"","neve_meta_content_width":0,"neve_meta_title_alignment":"","neve_meta_author_avatar":"","neve_post_elements_order":"","neve_meta_disable_header":"","neve_meta_disable_footer":"","neve_meta_disable_title":"","_themeisle_gutenberg_block_has_review":false,"footnotes":""},"class_list":["post-38","page","type-page","status-publish","hentry"],"yoast_head":"<!-- This site is optimized with the Yoast SEO plugin v27.4 - https:\/\/yoast.com\/product\/yoast-seo-wordpress\/ -->\n<title>Accompagnements - Catherine Bluteau<\/title>\n<meta name=\"robots\" content=\"index, follow, max-snippet:-1, max-image-preview:large, max-video-preview:-1\" \/>\n<link rel=\"canonical\" href=\"https:\/\/catherine-bluteau.fr\/index.php\/accompagnements\/\" \/>\n<meta property=\"og:locale\" content=\"fr_FR\" \/>\n<meta property=\"og:type\" content=\"article\" \/>\n<meta property=\"og:title\" content=\"Accompagnements - Catherine Bluteau\" \/>\n<meta property=\"og:description\" content=\"\u00ab\u00a0L&rsquo;accompagnement impose l&rsquo;humilit\u00e9 d&rsquo;une attente dont chaque instant est un don.\u00a0\u00bb Yehudi Menuhin\" \/>\n<meta property=\"og:url\" content=\"https:\/\/catherine-bluteau.fr\/index.php\/accompagnements\/\" \/>\n<meta property=\"og:site_name\" content=\"Catherine Bluteau\" \/>\n<meta property=\"article:publisher\" content=\"https:\/\/fr-fr.facebook.com\/people\/Catherine-Bluteau\/100003231347410\/\" \/>\n<meta property=\"article:modified_time\" content=\"2023-01-27T11:48:52+00:00\" \/>\n<meta property=\"og:image\" content=\"https:\/\/catherine-bluteau.fr\/wp-content\/uploads\/2022\/10\/IMG_20211024_183240_865-scaled.jpg\" \/>\n<meta name=\"twitter:card\" content=\"summary_large_image\" \/>\n<meta name=\"twitter:label1\" content=\"Dur\u00e9e de lecture estim\u00e9e\" \/>\n\t<meta name=\"twitter:data1\" content=\"3 minutes\" \/>\n<script type=\"application\/ld+json\" class=\"yoast-schema-graph\">{\"@context\":\"https:\\\/\\\/schema.org\",\"@graph\":[{\"@type\":\"WebPage\",\"@id\":\"https:\\\/\\\/catherine-bluteau.fr\\\/index.php\\\/accompagnements\\\/\",\"url\":\"https:\\\/\\\/catherine-bluteau.fr\\\/index.php\\\/accompagnements\\\/\",\"name\":\"Accompagnements - Catherine Bluteau\",\"isPartOf\":{\"@id\":\"https:\\\/\\\/catherine-bluteau.fr\\\/#website\"},\"primaryImageOfPage\":{\"@id\":\"https:\\\/\\\/catherine-bluteau.fr\\\/index.php\\\/accompagnements\\\/#primaryimage\"},\"image\":{\"@id\":\"https:\\\/\\\/catherine-bluteau.fr\\\/index.php\\\/accompagnements\\\/#primaryimage\"},\"thumbnailUrl\":\"https:\\\/\\\/catherine-bluteau.fr\\\/wp-content\\\/uploads\\\/2022\\\/10\\\/IMG_20211024_183240_865-scaled.jpg\",\"datePublished\":\"2022-10-24T13:57:46+00:00\",\"dateModified\":\"2023-01-27T11:48:52+00:00\",\"breadcrumb\":{\"@id\":\"https:\\\/\\\/catherine-bluteau.fr\\\/index.php\\\/accompagnements\\\/#breadcrumb\"},\"inLanguage\":\"fr-FR\",\"potentialAction\":[{\"@type\":\"ReadAction\",\"target\":[\"https:\\\/\\\/catherine-bluteau.fr\\\/index.php\\\/accompagnements\\\/\"]}]},{\"@type\":\"ImageObject\",\"inLanguage\":\"fr-FR\",\"@id\":\"https:\\\/\\\/catherine-bluteau.fr\\\/index.php\\\/accompagnements\\\/#primaryimage\",\"url\":\"https:\\\/\\\/catherine-bluteau.fr\\\/wp-content\\\/uploads\\\/2022\\\/10\\\/IMG_20211024_183240_865-scaled.jpg\",\"contentUrl\":\"https:\\\/\\\/catherine-bluteau.fr\\\/wp-content\\\/uploads\\\/2022\\\/10\\\/IMG_20211024_183240_865-scaled.jpg\"},{\"@type\":\"BreadcrumbList\",\"@id\":\"https:\\\/\\\/catherine-bluteau.fr\\\/index.php\\\/accompagnements\\\/#breadcrumb\",\"itemListElement\":[{\"@type\":\"ListItem\",\"position\":1,\"name\":\"Accueil\",\"item\":\"https:\\\/\\\/catherine-bluteau.fr\\\/\"},{\"@type\":\"ListItem\",\"position\":2,\"name\":\"Accompagnements\"}]},{\"@type\":\"WebSite\",\"@id\":\"https:\\\/\\\/catherine-bluteau.fr\\\/#website\",\"url\":\"https:\\\/\\\/catherine-bluteau.fr\\\/\",\"name\":\"Catherine Bluteau\",\"description\":\"\",\"publisher\":{\"@id\":\"https:\\\/\\\/catherine-bluteau.fr\\\/#organization\"},\"potentialAction\":[{\"@type\":\"SearchAction\",\"target\":{\"@type\":\"EntryPoint\",\"urlTemplate\":\"https:\\\/\\\/catherine-bluteau.fr\\\/?s={search_term_string}\"},\"query-input\":{\"@type\":\"PropertyValueSpecification\",\"valueRequired\":true,\"valueName\":\"search_term_string\"}}],\"inLanguage\":\"fr-FR\"},{\"@type\":\"Organization\",\"@id\":\"https:\\\/\\\/catherine-bluteau.fr\\\/#organization\",\"name\":\"Catherine Bluteau\",\"url\":\"https:\\\/\\\/catherine-bluteau.fr\\\/\",\"logo\":{\"@type\":\"ImageObject\",\"inLanguage\":\"fr-FR\",\"@id\":\"https:\\\/\\\/catherine-bluteau.fr\\\/#\\\/schema\\\/logo\\\/image\\\/\",\"url\":\"https:\\\/\\\/catherine-bluteau.fr\\\/wp-content\\\/uploads\\\/2022\\\/10\\\/cropped-c.Bluteau.png\",\"contentUrl\":\"https:\\\/\\\/catherine-bluteau.fr\\\/wp-content\\\/uploads\\\/2022\\\/10\\\/cropped-c.Bluteau.png\",\"width\":200,\"height\":200,\"caption\":\"Catherine Bluteau\"},\"image\":{\"@id\":\"https:\\\/\\\/catherine-bluteau.fr\\\/#\\\/schema\\\/logo\\\/image\\\/\"},\"sameAs\":[\"https:\\\/\\\/fr-fr.facebook.com\\\/people\\\/Catherine-Bluteau\\\/100003231347410\\\/\",\"https:\\\/\\\/www.instagram.com\\\/catherine_bluteau_psychotherap\\\/\"]}]}<\/script>\n<!-- \/ Yoast SEO plugin. -->","yoast_head_json":{"title":"Accompagnements - Catherine Bluteau","robots":{"index":"index","follow":"follow","max-snippet":"max-snippet:-1","max-image-preview":"max-image-preview:large","max-video-preview":"max-video-preview:-1"},"canonical":"https:\/\/catherine-bluteau.fr\/index.php\/accompagnements\/","og_locale":"fr_FR","og_type":"article","og_title":"Accompagnements - Catherine Bluteau","og_description":"\u00ab\u00a0L&rsquo;accompagnement impose l&rsquo;humilit\u00e9 d&rsquo;une attente dont chaque instant est un don.\u00a0\u00bb Yehudi Menuhin","og_url":"https:\/\/catherine-bluteau.fr\/index.php\/accompagnements\/","og_site_name":"Catherine Bluteau","article_publisher":"https:\/\/fr-fr.facebook.com\/people\/Catherine-Bluteau\/100003231347410\/","article_modified_time":"2023-01-27T11:48:52+00:00","og_image":[{"url":"https:\/\/catherine-bluteau.fr\/wp-content\/uploads\/2022\/10\/IMG_20211024_183240_865-scaled.jpg","type":"","width":"","height":""}],"twitter_card":"summary_large_image","twitter_misc":{"Dur\u00e9e de lecture estim\u00e9e":"3 minutes"},"schema":{"@context":"https:\/\/schema.org","@graph":[{"@type":"WebPage","@id":"https:\/\/catherine-bluteau.fr\/index.php\/accompagnements\/","url":"https:\/\/catherine-bluteau.fr\/index.php\/accompagnements\/","name":"Accompagnements - Catherine Bluteau","isPartOf":{"@id":"https:\/\/catherine-bluteau.fr\/#website"},"primaryImageOfPage":{"@id":"https:\/\/catherine-bluteau.fr\/index.php\/accompagnements\/#primaryimage"},"image":{"@id":"https:\/\/catherine-bluteau.fr\/index.php\/accompagnements\/#primaryimage"},"thumbnailUrl":"https:\/\/catherine-bluteau.fr\/wp-content\/uploads\/2022\/10\/IMG_20211024_183240_865-scaled.jpg","datePublished":"2022-10-24T13:57:46+00:00","dateModified":"2023-01-27T11:48:52+00:00","breadcrumb":{"@id":"https:\/\/catherine-bluteau.fr\/index.php\/accompagnements\/#breadcrumb"},"inLanguage":"fr-FR","potentialAction":[{"@type":"ReadAction","target":["https:\/\/catherine-bluteau.fr\/index.php\/accompagnements\/"]}]},{"@type":"ImageObject","inLanguage":"fr-FR","@id":"https:\/\/catherine-bluteau.fr\/index.php\/accompagnements\/#primaryimage","url":"https:\/\/catherine-bluteau.fr\/wp-content\/uploads\/2022\/10\/IMG_20211024_183240_865-scaled.jpg","contentUrl":"https:\/\/catherine-bluteau.fr\/wp-content\/uploads\/2022\/10\/IMG_20211024_183240_865-scaled.jpg"},{"@type":"BreadcrumbList","@id":"https:\/\/catherine-bluteau.fr\/index.php\/accompagnements\/#breadcrumb","itemListElement":[{"@type":"ListItem","position":1,"name":"Accueil","item":"https:\/\/catherine-bluteau.fr\/"},{"@type":"ListItem","position":2,"name":"Accompagnements"}]},{"@type":"WebSite","@id":"https:\/\/catherine-bluteau.fr\/#website","url":"https:\/\/catherine-bluteau.fr\/","name":"Catherine Bluteau","description":"","publisher":{"@id":"https:\/\/catherine-bluteau.fr\/#organization"},"potentialAction":[{"@type":"SearchAction","target":{"@type":"EntryPoint","urlTemplate":"https:\/\/catherine-bluteau.fr\/?s={search_term_string}"},"query-input":{"@type":"PropertyValueSpecification","valueRequired":true,"valueName":"search_term_string"}}],"inLanguage":"fr-FR"},{"@type":"Organization","@id":"https:\/\/catherine-bluteau.fr\/#organization","name":"Catherine Bluteau","url":"https:\/\/catherine-bluteau.fr\/","logo":{"@type":"ImageObject","inLanguage":"fr-FR","@id":"https:\/\/catherine-bluteau.fr\/#\/schema\/logo\/image\/","url":"https:\/\/catherine-bluteau.fr\/wp-content\/uploads\/2022\/10\/cropped-c.Bluteau.png","contentUrl":"https:\/\/catherine-bluteau.fr\/wp-content\/uploads\/2022\/10\/cropped-c.Bluteau.png","width":200,"height":200,"caption":"Catherine Bluteau"},"image":{"@id":"https:\/\/catherine-bluteau.fr\/#\/schema\/logo\/image\/"},"sameAs":["https:\/\/fr-fr.facebook.com\/people\/Catherine-Bluteau\/100003231347410\/","https:\/\/www.instagram.com\/catherine_bluteau_psychotherap\/"]}]}},"_links":{"self":[{"href":"https:\/\/catherine-bluteau.fr\/index.php\/wp-json\/wp\/v2\/pages\/38","targetHints":{"allow":["GET"]}}],"collection":[{"href":"https:\/\/catherine-bluteau.fr\/index.php\/wp-json\/wp\/v2\/pages"}],"about":[{"href":"https:\/\/catherine-bluteau.fr\/index.php\/wp-json\/wp\/v2\/types\/page"}],"author":[{"embeddable":true,"href":"https:\/\/catherine-bluteau.fr\/index.php\/wp-json\/wp\/v2\/users\/1"}],"replies":[{"embeddable":true,"href":"https:\/\/catherine-bluteau.fr\/index.php\/wp-json\/wp\/v2\/comments?post=38"}],"version-history":[{"count":55,"href":"https:\/\/catherine-bluteau.fr\/index.php\/wp-json\/wp\/v2\/pages\/38\/revisions"}],"predecessor-version":[{"id":653,"href":"https:\/\/catherine-bluteau.fr\/index.php\/wp-json\/wp\/v2\/pages\/38\/revisions\/653"}],"wp:attachment":[{"href":"https:\/\/catherine-bluteau.fr\/index.php\/wp-json\/wp\/v2\/media?parent=38"}],"curies":[{"name":"wp","href":"https:\/\/api.w.org\/{rel}","templated":true}]}}