{"id":3,"date":"2022-09-07T16:08:21","date_gmt":"2022-09-07T14:08:21","guid":{"rendered":"http:\/\/catherine-bluteau.fr\/?page_id=3"},"modified":"2023-09-12T11:00:19","modified_gmt":"2023-09-12T09:00:19","slug":"politique-de-confidentialite","status":"publish","type":"page","link":"https:\/\/catherine-bluteau.fr\/index.php\/politique-de-confidentialite\/","title":{"rendered":"Mention l\u00e9gale et Politique de confidentialit\u00e9"},"content":{"rendered":"\n<h1 class=\"wp-block-heading\">Mentions l\u00e9gales et politique de confidentialit\u00e9<\/h1>\n\n\n\n<p><\/p>\n\n\n\n<h2 class=\"wp-block-heading\">IDENTIT\u00c9<\/h2>\n\n\n\n<p><strong>Nom du site web et d\u2019entreprise<\/strong> : https:\/\/catherine-bluteau.fr &#8211; Catherine Bluteau<br><strong>Propri\u00e9taire et Responsable de publication<\/strong> : Catherine Bluteau \u2013 Micro Entreprise<br>(Siren : 849805494 , SIRET : 84980549400036 , APE : 8690F)<\/p>\n\n\n\n<p><strong>Adresse du si\u00e9ge<\/strong> : 196 B Av Docteur Nancel Penard 33600 Pessac<\/p>\n\n\n\n<p><strong>T\u00e9l\u00e9phone<\/strong> : 06 03 93 47 77<\/p>\n\n\n\n<p><strong>Email<\/strong> : catherine.bluteau9@orange.fr<\/p>\n\n\n\n<p><strong>Conception et r\u00e9alisation<\/strong> : <a href=\"https:\/\/www.linkedin.com\/in\/sandrine-meissonnier-368a74143\/\" target=\"_blank\" rel=\"noreferrer noopener\">Sandrine Meissonnier<\/a> en collaboration avec <a href=\"https:\/\/fr.linkedin.com\/in\/catherine-bluteau-bba224b4\" target=\"_blank\" rel=\"noreferrer noopener\">Catherine Bluteau<\/a><br><strong>H\u00e9bergement<\/strong> : <a href=\"https:\/\/www.ovhcloud.com\/fr\/\" target=\"_blank\" rel=\"noreferrer noopener\">OVH<\/a> \u2013 2 rue Kellermann 59100 Roubaix \u2013 SAS \u2013 t\u00e9l\u00e9phone service client: 1007<\/p>\n\n\n\n<p><strong>Tarifs<\/strong> <\/p>\n\n\n\n<p>s\u00e9ance de suivi (50 min) : <strong>55 euros<\/strong> .<\/p>\n\n\n\n<p>s\u00e9ance ponctuelle (80 min) : <strong>75 euros<\/strong> .<\/p>\n\n\n\n<p>s\u00e9ances de <strong>danse-th\u00e9rapie<\/strong> (forfait de 5 s\u00e9ances hebdomadaires renouvelable) : <strong>255 euros<\/strong> .<\/p>\n\n\n\n<h2 class=\"wp-block-heading\">CONDITIONS D\u2019UTILISATION<\/h2>\n\n\n\n<p>L\u2019utilisation du pr\u00e9sent site implique l\u2019acceptation pleine et enti\u00e8re des conditions g\u00e9n\u00e9rales d\u2019utilisation d\u00e9crites ci-apr\u00e8s. Ces conditions d\u2019utilisation sont susceptibles d\u2019\u00eatre modifi\u00e9es ou compl\u00e9t\u00e9es \u00e0 tout moment.<\/p>\n\n\n\n<h2 class=\"wp-block-heading\">INFORMATIONS<\/h2>\n\n\n\n<p>Les informations et documents du site sont pr\u00e9sent\u00e9s \u00e0 titre indicatif, n\u2019ont pas de caract\u00e8re exhaustif, et ne peuvent engager la responsabilit\u00e9 du propri\u00e9taire du site.<\/p>\n\n\n\n<p>Le propri\u00e9taire du site ne peut \u00eatre tenu responsable des dommages directs et indirects cons\u00e9cutifs \u00e0 l\u2019acc\u00e8s au site.<\/p>\n\n\n\n<h2 class=\"wp-block-heading\">INTERACTIVIT\u00c9<\/h2>\n\n\n\n<p>Les utilisateurs du site peuvent y d\u00e9poser du contenu, apparaissant sur le site dans des espaces d\u00e9di\u00e9s (notamment via les commentaires). Le contenu d\u00e9pos\u00e9 reste sous la responsabilit\u00e9 de leurs auteurs, qui en assument pleinement l\u2019enti\u00e8re responsabilit\u00e9 juridique.<\/p>\n\n\n\n<p>Le propri\u00e9taire du site se r\u00e9serve n\u00e9anmoins le droit de retirer sans pr\u00e9avis et sans justification tout contenu d\u00e9pos\u00e9 par les utilisateurs qui ne satisferait pas \u00e0 la charte d\u00e9ontologique du site ou \u00e0 la l\u00e9gislation en vigueur.<\/p>\n\n\n\n<h2 class=\"wp-block-heading\">PROPRI\u00c9T\u00c9 INTELLECTUELLE<\/h2>\n\n\n\n<p>Sauf mention contraire, tous les \u00e9l\u00e9ments accessibles sur le site (textes, images, graphismes, logo, ic\u00f4nes, sons, logiciels, etc.) restent la propri\u00e9t\u00e9 exclusive de leurs auteurs, en ce qui concerne les droits de propri\u00e9t\u00e9 intellectuelle ou les droits d\u2019usage.&nbsp;<sup><a href=\"https:\/\/www.webexpress.fr\/actualite\/focus\/modele-de-mentions-legales-complet-et-gratuit\/#fn-7013-1\">1<\/a><\/sup><\/p>\n\n\n\n<p>Toute reproduction, repr\u00e9sentation, modification, publication, adaptation de tout ou partie des \u00e9l\u00e9ments du site, quel que soit le moyen ou le proc\u00e9d\u00e9 utilis\u00e9, est interdite, sauf autorisation \u00e9crite pr\u00e9alable de l\u2019auteur.<sup><a href=\"https:\/\/www.webexpress.fr\/actualite\/focus\/modele-de-mentions-legales-complet-et-gratuit\/#fn-7013-2\">2<\/a><\/sup><sup><a href=\"https:\/\/www.webexpress.fr\/actualite\/focus\/modele-de-mentions-legales-complet-et-gratuit\/#fn-7013-3\">3<\/a><\/sup><\/p>\n\n\n\n<p>Toute exploitation non autoris\u00e9e du site ou de l\u2019un quelconque des \u00e9l\u00e9ments qu\u2019il contient est consid\u00e9r\u00e9e comme constitutive d\u2019une contrefa\u00e7on et poursuivie.&nbsp;<sup><a href=\"https:\/\/www.webexpress.fr\/actualite\/focus\/modele-de-mentions-legales-complet-et-gratuit\/#fn-7013-9\">4<\/a><\/sup><\/p>\n\n\n\n<p>Les marques et logos reproduits sur le site sont d\u00e9pos\u00e9s par les soci\u00e9t\u00e9s qui en sont propri\u00e9taires.<\/p>\n\n\n\n<h2 class=\"wp-block-heading\">LIENS<\/h2>\n\n\n\n<p><strong>Liens sortants<\/strong><br>Le propri\u00e9taire du site d\u00e9cline toute responsabilit\u00e9 et n\u2019est pas engag\u00e9 par le r\u00e9f\u00e9rencement via des liens hypertextes, de ressources tierces pr\u00e9sentes sur le r\u00e9seau Internet, tant en ce qui concerne leur contenu que leur pertinence.<\/p>\n\n\n\n<p><strong>Liens entrants<\/strong><br>Le propri\u00e9taire du site autorise les liens hypertextes vers l\u2019une des pages de ce site, \u00e0 condition que ceux-ci ouvrent une nouvelle fen\u00eatre et soient pr\u00e9sent\u00e9s de mani\u00e8re non \u00e9quivoque afin d\u2019\u00e9viter :<\/p>\n\n\n\n<ul class=\"wp-block-list\">\n<li>tout risque de confusion entre le site citant et le propri\u00e9taire du site<\/li>\n\n\n\n<li>ainsi que toute pr\u00e9sentation tendancieuse, ou contraire aux lois en vigueur.<\/li>\n\n\n\n<li>Le propri\u00e9taire du site se r\u00e9serve le droit de demander la suppression d\u2019un lien s\u2019il estime que le site source ne respecte pas les r\u00e8gles ainsi d\u00e9finies.<\/li>\n<\/ul>\n\n\n\n<h2 class=\"wp-block-heading\">CONFIDENTIALIT\u00c9<\/h2>\n\n\n\n<p>Tout utilisateur dispose d\u2019un droit d\u2019acc\u00e8s, de rectification et d\u2019opposition aux donn\u00e9es personnelles le concernant, en effectuant sa demande \u00e9crite et sign\u00e9e, accompagn\u00e9e d\u2019une preuve d\u2019identit\u00e9.&nbsp;<sup><a href=\"https:\/\/www.webexpress.fr\/actualite\/focus\/modele-de-mentions-legales-complet-et-gratuit\/#fn-7013-5\">5<\/a><\/sup><sup><a href=\"https:\/\/www.webexpress.fr\/actualite\/focus\/modele-de-mentions-legales-complet-et-gratuit\/#fn-7013-7\">6<\/a><\/sup><sup><a href=\"https:\/\/www.webexpress.fr\/actualite\/focus\/modele-de-mentions-legales-complet-et-gratuit\/#fn-7013-8\">7<\/a><\/sup><sup><a href=\"https:\/\/www.webexpress.fr\/actualite\/focus\/modele-de-mentions-legales-complet-et-gratuit\/#fn-7013-6\">8<\/a><\/sup><\/p>\n\n\n\n<p>Le site ne recueille pas d\u2019informations personnelles, et n\u2019est pas assujetti \u00e0 d\u00e9claration \u00e0 la CNIL.&nbsp;<sup><a href=\"https:\/\/www.webexpress.fr\/actualite\/focus\/modele-de-mentions-legales-complet-et-gratuit\/#fn-7013-4\">9<\/a><\/sup><\/p>\n\n\n\n<h2 class=\"wp-block-heading\">DUR\u00c9ES DE STOCKAGE DE VOS DONN\u00c9ES PERSONNELLES<\/h2>\n\n\n\n<p>Si vous laissez un commentaire, le commentaire et ses m\u00e9tadonn\u00e9es sont conserv\u00e9s ind\u00e9finiment. Cela permet de reconna\u00eetre et approuver automatiquement les commentaires suivants au lieu de les laisser dans la file de mod\u00e9ration.<\/p>\n\n\n\n<p>Pour les comptes qui s\u2019inscrivent sur notre site (le cas \u00e9ch\u00e9ant), nous stockons \u00e9galement les donn\u00e9es personnelles indiqu\u00e9es dans leur profil. Tous les comptes peuvent voir, modifier ou supprimer leurs informations personnelles \u00e0 tout moment (\u00e0 l\u2019exception de leur identifiant). Les gestionnaires du site peuvent aussi voir et modifier ces informations.<\/p>\n\n\n\n<h2 class=\"wp-block-heading\">Les droits que vous avez sur vos donn\u00e9es<\/h2>\n\n\n\n<p>Si vous avez un compte ou si vous avez laiss\u00e9 des commentaires sur le site, vous pouvez demander \u00e0 recevoir un fichier contenant toutes les donn\u00e9es personnelles que nous poss\u00e9dons \u00e0 votre sujet, incluant celles que vous nous avez fournies. Vous pouvez \u00e9galement demander la suppression des donn\u00e9es personnelles vous concernant. Cela ne prend pas en compte les donn\u00e9es stock\u00e9es \u00e0 des fins administratives, l\u00e9gales ou pour des raisons de s\u00e9curit\u00e9.<\/p>\n\n\n\n<h2 class=\"wp-block-heading\">COOKIES<\/h2>\n\n\n\n<p>Si vous d\u00e9posez un commentaire sur ce site, il vous sera propos\u00e9 d\u2019enregistrer votre nom, adresse e-mail et site dans des cookies. C\u2019est uniquement pour votre confort afin de ne pas avoir \u00e0 saisir ces informations si vous d\u00e9posez un autre commentaire plus tard. Ces cookies expirent au bout d\u2019un an.<\/p>\n\n\n\n<p>Si vous vous rendez sur la page de connexion, un cookie temporaire sera cr\u00e9\u00e9 afin de d\u00e9terminer si votre navigateur accepte les cookies. Il ne contient pas de donn\u00e9es personnelles et sera supprim\u00e9 automatiquement \u00e0 la fermeture de votre navigateur.<\/p>\n\n\n\n<p>Lorsque vous vous connecterez, nous mettrons en place un certain nombre de cookies pour enregistrer vos informations de connexion et vos pr\u00e9f\u00e9rences d\u2019\u00e9cran. La dur\u00e9e de vie d\u2019un cookie de connexion est de deux jours, celle d\u2019un cookie d\u2019option d\u2019\u00e9cran est d\u2019un an. Si vous cochez \u00ab&nbsp;Se souvenir de moi&nbsp;\u00bb, votre cookie de connexion sera conserv\u00e9 pendant deux semaines. Si vous vous d\u00e9connectez de votre compte, le cookie de connexion sera effac\u00e9.<\/p>\n\n\n\n<p>En modifiant ou en publiant une publication, un cookie suppl\u00e9mentaire sera enregistr\u00e9 dans votre navigateur. Ce cookie ne comprend aucune donn\u00e9e personnelle. Il indique simplement l\u2019ID de la publication que vous venez de modifier. Il expire au bout d\u2019un jour.<\/p>\n\n\n\n<h2 class=\"wp-block-heading\">CR\u00c9DITS<\/h2>\n\n\n\n<p>Les visuels du site viennent de banques d\u2019images sous licence Creative Commons, sauf mentions contraires dans le titre ou le descriptif de l\u2019image.<\/p>\n\n\n\n<p>Les sites sont les suivants :<\/p>\n\n\n\n<figure class=\"wp-block-embed\"><div class=\"wp-block-embed__wrapper\">\nhttps:\/\/www.pexels.com\/fr-fr\/\n<\/div><\/figure>\n\n\n\n<hr class=\"wp-block-separator has-alpha-channel-opacity\"\/>\n\n\n\n<p><a href=\"https:\/\/www.webexpress.fr\/\">Mentions l\u00e9gales fournies par WebExpress \u2013 Version 1.5<\/a>&nbsp;\u2013 Utilisation libre sous&nbsp;<a href=\"http:\/\/creativecommons.org\/licenses\/by-nc-nd\/3.0\/fr\/\">Licence Creative Commons CC BY-NC-ND 3.0 FR \/ creativecommons.org<\/a>.<\/p>\n\n\n\n<ol class=\"wp-block-list\">\n<li>Articles L111-1 et suivants du Code de la Propri\u00e9t\u00e9 Intellectuelle du 1er juillet 1992&nbsp;<a href=\"https:\/\/www.webexpress.fr\/actualite\/focus\/modele-de-mentions-legales-complet-et-gratuit\/#fnref-7013-1\"><\/a><\/li>\n\n\n\n<li>Article 41 de la loi du 11 mars 1957&nbsp;<a href=\"https:\/\/www.webexpress.fr\/actualite\/focus\/modele-de-mentions-legales-complet-et-gratuit\/#fnref-7013-2\"><\/a><\/li>\n\n\n\n<li>Article L. 226-13 du Code p\u00e9nal et la Directive Europ\u00e9enne du 24 octobre 1995&nbsp;<a href=\"https:\/\/www.webexpress.fr\/actualite\/focus\/modele-de-mentions-legales-complet-et-gratuit\/#fnref-7013-3\"><\/a><\/li>\n\n\n\n<li>Articles L.335-2 et suivants du Code de Propri\u00e9t\u00e9 Intellectuelle&nbsp;<a href=\"https:\/\/www.webexpress.fr\/actualite\/focus\/modele-de-mentions-legales-complet-et-gratuit\/#fnref-7013-9\"><\/a><\/li>\n\n\n\n<li>Loi n\u00b0 78-87 du 6 janvier 1978, modifi\u00e9e par la loi n\u00b0 2004-801 du 6 ao\u00fbt 2004, relative \u00e0 l\u2019informatique, aux fichiers et aux libert\u00e9s&nbsp;<a href=\"https:\/\/www.webexpress.fr\/actualite\/focus\/modele-de-mentions-legales-complet-et-gratuit\/#fnref-7013-5\"><\/a><\/li>\n\n\n\n<li>Articles 38 et suivants de la loi 78-17 du 6 janvier 1978 relative \u00e0 l\u2019informatique, aux fichiers et aux libert\u00e9s&nbsp;<a href=\"https:\/\/www.webexpress.fr\/actualite\/focus\/modele-de-mentions-legales-complet-et-gratuit\/#fnref-7013-7\"><\/a><\/li>\n\n\n\n<li>Loi du 1er juillet 1998 transposant la directive 96\/9 du 11 mars 1996 relative \u00e0 la protection juridique des bases de donn\u00e9es&nbsp;<a href=\"https:\/\/www.webexpress.fr\/actualite\/focus\/modele-de-mentions-legales-complet-et-gratuit\/#fnref-7013-8\"><\/a><\/li>\n\n\n\n<li>Loi n\u00b0 2004-801 du 6 ao\u00fbt 2004&nbsp;<a href=\"https:\/\/www.webexpress.fr\/actualite\/focus\/modele-de-mentions-legales-complet-et-gratuit\/#fnref-7013-6\"><\/a><\/li>\n\n\n\n<li>Article 6 de la&nbsp;<a href=\"https:\/\/www.legifrance.gouv.fr\/affichTexte.do?cidTexte=JORFTEXT000000801164&amp;dateTexte=20160619\">loi n\u00b0 2004-575 du 21 juin 2004<\/a>&nbsp;pour la confiance dans l\u2019\u00e9conomie num\u00e9rique&nbsp;<a href=\"https:\/\/www.webexpress.fr\/actualite\/focus\/modele-de-mentions-legales-complet-et-gratuit\/#fnref-7013-4\"><\/a><\/li>\n<\/ol>\n\n\n\n<p><\/p>\n\n\n\n<p><\/p>\n","protected":false},"excerpt":{"rendered":"<p>Mentions l\u00e9gales et politique de confidentialit\u00e9 IDENTIT\u00c9 Nom du site web et d\u2019entreprise : https:\/\/catherine-bluteau.fr &#8211; Catherine BluteauPropri\u00e9taire et Responsable de publication : Catherine Bluteau \u2013 Micro Entreprise(Siren : 849805494 , SIRET : 84980549400036 , APE : 8690F) Adresse du si\u00e9ge : 196 B Av Docteur Nancel Penard 33600 Pessac T\u00e9l\u00e9phone : 06 03 93&hellip;&nbsp;<a href=\"https:\/\/catherine-bluteau.fr\/index.php\/politique-de-confidentialite\/\" rel=\"bookmark\"><span class=\"screen-reader-text\">Mention l\u00e9gale et Politique de confidentialit\u00e9<\/span><\/a><\/p>\n","protected":false},"author":1,"featured_media":0,"parent":0,"menu_order":0,"comment_status":"closed","ping_status":"open","template":"","meta":{"neve_meta_sidebar":"","neve_meta_container":"","neve_meta_enable_content_width":"","neve_meta_content_width":0,"neve_meta_title_alignment":"","neve_meta_author_avatar":"","neve_post_elements_order":"","neve_meta_disable_header":"","neve_meta_disable_footer":"","neve_meta_disable_title":"","_themeisle_gutenberg_block_has_review":false,"footnotes":""},"class_list":["post-3","page","type-page","status-publish","hentry"],"yoast_head":"<!-- This site is optimized with the Yoast SEO plugin v27.4 - https:\/\/yoast.com\/product\/yoast-seo-wordpress\/ -->\n<title>Mention l\u00e9gale et Politique de confidentialit\u00e9 - Catherine Bluteau<\/title>\n<meta name=\"robots\" content=\"index, follow, max-snippet:-1, max-image-preview:large, max-video-preview:-1\" \/>\n<link rel=\"canonical\" href=\"https:\/\/catherine-bluteau.fr\/index.php\/politique-de-confidentialite\/\" \/>\n<meta property=\"og:locale\" content=\"fr_FR\" \/>\n<meta property=\"og:type\" content=\"article\" \/>\n<meta property=\"og:title\" content=\"Mention l\u00e9gale et Politique de confidentialit\u00e9 - Catherine Bluteau\" \/>\n<meta property=\"og:description\" content=\"Mentions l\u00e9gales et politique de confidentialit\u00e9 IDENTIT\u00c9 Nom du site web et d\u2019entreprise : https:\/\/catherine-bluteau.fr &#8211; Catherine BluteauPropri\u00e9taire et Responsable de publication : Catherine Bluteau \u2013 Micro Entreprise(Siren : 849805494 , SIRET : 84980549400036 , APE : 8690F) Adresse du si\u00e9ge : 196 B Av Docteur Nancel Penard 33600 Pessac T\u00e9l\u00e9phone : 06 03 93&hellip;&nbsp;Mention l\u00e9gale et Politique de confidentialit\u00e9\" \/>\n<meta property=\"og:url\" content=\"https:\/\/catherine-bluteau.fr\/index.php\/politique-de-confidentialite\/\" \/>\n<meta property=\"og:site_name\" content=\"Catherine Bluteau\" \/>\n<meta property=\"article:publisher\" content=\"https:\/\/fr-fr.facebook.com\/people\/Catherine-Bluteau\/100003231347410\/\" \/>\n<meta property=\"article:modified_time\" content=\"2023-09-12T09:00:19+00:00\" \/>\n<meta name=\"twitter:card\" content=\"summary_large_image\" \/>\n<meta name=\"twitter:label1\" content=\"Dur\u00e9e de lecture estim\u00e9e\" \/>\n\t<meta name=\"twitter:data1\" content=\"6 minutes\" \/>\n<script type=\"application\/ld+json\" class=\"yoast-schema-graph\">{\"@context\":\"https:\\\/\\\/schema.org\",\"@graph\":[{\"@type\":\"WebPage\",\"@id\":\"https:\\\/\\\/catherine-bluteau.fr\\\/index.php\\\/politique-de-confidentialite\\\/\",\"url\":\"https:\\\/\\\/catherine-bluteau.fr\\\/index.php\\\/politique-de-confidentialite\\\/\",\"name\":\"Mention l\u00e9gale et Politique de confidentialit\u00e9 - Catherine Bluteau\",\"isPartOf\":{\"@id\":\"https:\\\/\\\/catherine-bluteau.fr\\\/#website\"},\"datePublished\":\"2022-09-07T14:08:21+00:00\",\"dateModified\":\"2023-09-12T09:00:19+00:00\",\"breadcrumb\":{\"@id\":\"https:\\\/\\\/catherine-bluteau.fr\\\/index.php\\\/politique-de-confidentialite\\\/#breadcrumb\"},\"inLanguage\":\"fr-FR\",\"potentialAction\":[{\"@type\":\"ReadAction\",\"target\":[\"https:\\\/\\\/catherine-bluteau.fr\\\/index.php\\\/politique-de-confidentialite\\\/\"]}]},{\"@type\":\"BreadcrumbList\",\"@id\":\"https:\\\/\\\/catherine-bluteau.fr\\\/index.php\\\/politique-de-confidentialite\\\/#breadcrumb\",\"itemListElement\":[{\"@type\":\"ListItem\",\"position\":1,\"name\":\"Accueil\",\"item\":\"https:\\\/\\\/catherine-bluteau.fr\\\/\"},{\"@type\":\"ListItem\",\"position\":2,\"name\":\"Mention l\u00e9gale et Politique de confidentialit\u00e9\"}]},{\"@type\":\"WebSite\",\"@id\":\"https:\\\/\\\/catherine-bluteau.fr\\\/#website\",\"url\":\"https:\\\/\\\/catherine-bluteau.fr\\\/\",\"name\":\"Catherine Bluteau\",\"description\":\"\",\"publisher\":{\"@id\":\"https:\\\/\\\/catherine-bluteau.fr\\\/#organization\"},\"potentialAction\":[{\"@type\":\"SearchAction\",\"target\":{\"@type\":\"EntryPoint\",\"urlTemplate\":\"https:\\\/\\\/catherine-bluteau.fr\\\/?s={search_term_string}\"},\"query-input\":{\"@type\":\"PropertyValueSpecification\",\"valueRequired\":true,\"valueName\":\"search_term_string\"}}],\"inLanguage\":\"fr-FR\"},{\"@type\":\"Organization\",\"@id\":\"https:\\\/\\\/catherine-bluteau.fr\\\/#organization\",\"name\":\"Catherine Bluteau\",\"url\":\"https:\\\/\\\/catherine-bluteau.fr\\\/\",\"logo\":{\"@type\":\"ImageObject\",\"inLanguage\":\"fr-FR\",\"@id\":\"https:\\\/\\\/catherine-bluteau.fr\\\/#\\\/schema\\\/logo\\\/image\\\/\",\"url\":\"https:\\\/\\\/catherine-bluteau.fr\\\/wp-content\\\/uploads\\\/2022\\\/10\\\/cropped-c.Bluteau.png\",\"contentUrl\":\"https:\\\/\\\/catherine-bluteau.fr\\\/wp-content\\\/uploads\\\/2022\\\/10\\\/cropped-c.Bluteau.png\",\"width\":200,\"height\":200,\"caption\":\"Catherine Bluteau\"},\"image\":{\"@id\":\"https:\\\/\\\/catherine-bluteau.fr\\\/#\\\/schema\\\/logo\\\/image\\\/\"},\"sameAs\":[\"https:\\\/\\\/fr-fr.facebook.com\\\/people\\\/Catherine-Bluteau\\\/100003231347410\\\/\",\"https:\\\/\\\/www.instagram.com\\\/catherine_bluteau_psychotherap\\\/\"]}]}<\/script>\n<!-- \/ Yoast SEO plugin. -->","yoast_head_json":{"title":"Mention l\u00e9gale et Politique de confidentialit\u00e9 - Catherine Bluteau","robots":{"index":"index","follow":"follow","max-snippet":"max-snippet:-1","max-image-preview":"max-image-preview:large","max-video-preview":"max-video-preview:-1"},"canonical":"https:\/\/catherine-bluteau.fr\/index.php\/politique-de-confidentialite\/","og_locale":"fr_FR","og_type":"article","og_title":"Mention l\u00e9gale et Politique de confidentialit\u00e9 - Catherine Bluteau","og_description":"Mentions l\u00e9gales et politique de confidentialit\u00e9 IDENTIT\u00c9 Nom du site web et d\u2019entreprise : https:\/\/catherine-bluteau.fr &#8211; Catherine BluteauPropri\u00e9taire et Responsable de publication : Catherine Bluteau \u2013 Micro Entreprise(Siren : 849805494 , SIRET : 84980549400036 , APE : 8690F) Adresse du si\u00e9ge : 196 B Av Docteur Nancel Penard 33600 Pessac T\u00e9l\u00e9phone : 06 03 93&hellip;&nbsp;Mention l\u00e9gale et Politique de confidentialit\u00e9","og_url":"https:\/\/catherine-bluteau.fr\/index.php\/politique-de-confidentialite\/","og_site_name":"Catherine Bluteau","article_publisher":"https:\/\/fr-fr.facebook.com\/people\/Catherine-Bluteau\/100003231347410\/","article_modified_time":"2023-09-12T09:00:19+00:00","twitter_card":"summary_large_image","twitter_misc":{"Dur\u00e9e de lecture estim\u00e9e":"6 minutes"},"schema":{"@context":"https:\/\/schema.org","@graph":[{"@type":"WebPage","@id":"https:\/\/catherine-bluteau.fr\/index.php\/politique-de-confidentialite\/","url":"https:\/\/catherine-bluteau.fr\/index.php\/politique-de-confidentialite\/","name":"Mention l\u00e9gale et Politique de confidentialit\u00e9 - Catherine Bluteau","isPartOf":{"@id":"https:\/\/catherine-bluteau.fr\/#website"},"datePublished":"2022-09-07T14:08:21+00:00","dateModified":"2023-09-12T09:00:19+00:00","breadcrumb":{"@id":"https:\/\/catherine-bluteau.fr\/index.php\/politique-de-confidentialite\/#breadcrumb"},"inLanguage":"fr-FR","potentialAction":[{"@type":"ReadAction","target":["https:\/\/catherine-bluteau.fr\/index.php\/politique-de-confidentialite\/"]}]},{"@type":"BreadcrumbList","@id":"https:\/\/catherine-bluteau.fr\/index.php\/politique-de-confidentialite\/#breadcrumb","itemListElement":[{"@type":"ListItem","position":1,"name":"Accueil","item":"https:\/\/catherine-bluteau.fr\/"},{"@type":"ListItem","position":2,"name":"Mention l\u00e9gale et Politique de confidentialit\u00e9"}]},{"@type":"WebSite","@id":"https:\/\/catherine-bluteau.fr\/#website","url":"https:\/\/catherine-bluteau.fr\/","name":"Catherine Bluteau","description":"","publisher":{"@id":"https:\/\/catherine-bluteau.fr\/#organization"},"potentialAction":[{"@type":"SearchAction","target":{"@type":"EntryPoint","urlTemplate":"https:\/\/catherine-bluteau.fr\/?s={search_term_string}"},"query-input":{"@type":"PropertyValueSpecification","valueRequired":true,"valueName":"search_term_string"}}],"inLanguage":"fr-FR"},{"@type":"Organization","@id":"https:\/\/catherine-bluteau.fr\/#organization","name":"Catherine Bluteau","url":"https:\/\/catherine-bluteau.fr\/","logo":{"@type":"ImageObject","inLanguage":"fr-FR","@id":"https:\/\/catherine-bluteau.fr\/#\/schema\/logo\/image\/","url":"https:\/\/catherine-bluteau.fr\/wp-content\/uploads\/2022\/10\/cropped-c.Bluteau.png","contentUrl":"https:\/\/catherine-bluteau.fr\/wp-content\/uploads\/2022\/10\/cropped-c.Bluteau.png","width":200,"height":200,"caption":"Catherine Bluteau"},"image":{"@id":"https:\/\/catherine-bluteau.fr\/#\/schema\/logo\/image\/"},"sameAs":["https:\/\/fr-fr.facebook.com\/people\/Catherine-Bluteau\/100003231347410\/","https:\/\/www.instagram.com\/catherine_bluteau_psychotherap\/"]}]}},"_links":{"self":[{"href":"https:\/\/catherine-bluteau.fr\/index.php\/wp-json\/wp\/v2\/pages\/3","targetHints":{"allow":["GET"]}}],"collection":[{"href":"https:\/\/catherine-bluteau.fr\/index.php\/wp-json\/wp\/v2\/pages"}],"about":[{"href":"https:\/\/catherine-bluteau.fr\/index.php\/wp-json\/wp\/v2\/types\/page"}],"author":[{"embeddable":true,"href":"https:\/\/catherine-bluteau.fr\/index.php\/wp-json\/wp\/v2\/users\/1"}],"replies":[{"embeddable":true,"href":"https:\/\/catherine-bluteau.fr\/index.php\/wp-json\/wp\/v2\/comments?post=3"}],"version-history":[{"count":4,"href":"https:\/\/catherine-bluteau.fr\/index.php\/wp-json\/wp\/v2\/pages\/3\/revisions"}],"predecessor-version":[{"id":705,"href":"https:\/\/catherine-bluteau.fr\/index.php\/wp-json\/wp\/v2\/pages\/3\/revisions\/705"}],"wp:attachment":[{"href":"https:\/\/catherine-bluteau.fr\/index.php\/wp-json\/wp\/v2\/media?parent=3"}],"curies":[{"name":"wp","href":"https:\/\/api.w.org\/{rel}","templated":true}]}}