{"id":21,"date":"2022-10-24T15:49:29","date_gmt":"2022-10-24T13:49:29","guid":{"rendered":"https:\/\/catherine-bluteau.fr\/?page_id=21"},"modified":"2023-01-27T13:18:14","modified_gmt":"2023-01-27T12:18:14","slug":"formations","status":"publish","type":"page","link":"https:\/\/catherine-bluteau.fr\/index.php\/formations\/","title":{"rendered":"Formations"},"content":{"rendered":"\n<div style=\"height:51px\" aria-hidden=\"true\" class=\"wp-block-spacer\"><\/div>\n\n\n\n<h1 class=\"has-text-align-center wp-block-heading\">Mes formations<\/h1>\n\n\n\n<div style=\"height:100px\" aria-hidden=\"true\" class=\"wp-block-spacer\"><\/div>\n\n\n\n<p class=\"has-text-align-center has-medium-font-size\"><strong>Cl\u00e9s de la Psychologie<\/strong><\/p>\n\n\n\n<p class=\"has-text-align-center has-medium-font-size\">J\u2019interviens en tant que formatrice au <strong>Centre de Formation en Kin\u00e9siologie<\/strong> (CFK de Bordeaux, dirig\u00e9 par Laurence Bastide), sur des notions de base en <strong>psychologie<\/strong> et <strong>psychopathologie<\/strong>.<\/p>\n\n\n\n<p class=\"has-text-align-center has-medium-font-size\">Je peux intervenir dans diff\u00e9rentes structures. N\u2019h\u00e9sitez pas \u00e0 me contacter \u00e0 ce sujet.<\/p>\n\n\n\n<div class=\"wp-block-columns is-layout-flex wp-container-core-columns-is-layout-9d6595d7 wp-block-columns-is-layout-flex\">\n<div class=\"wp-block-column has-white-color has-text-color is-layout-flow wp-block-column-is-layout-flow\">\n<div class=\"wp-block-columns is-layout-flex wp-container-core-columns-is-layout-9d6595d7 wp-block-columns-is-layout-flex\">\n<div class=\"wp-block-column is-vertically-aligned-center has-white-color has-text-color is-layout-flow wp-block-column-is-layout-flow\">\n<div class=\"wp-block-cover is-light\" style=\"min-height:566px;aspect-ratio:unset;\"><span aria-hidden=\"true\" class=\"wp-block-cover__background has-background-dim\"><\/span><img loading=\"lazy\" decoding=\"async\" width=\"1080\" height=\"1080\" class=\"wp-block-cover__image-background wp-image-488\" alt=\"\" src=\"https:\/\/catherine-bluteau.fr\/wp-content\/uploads\/2023\/01\/Sans-titre.png\" data-object-fit=\"cover\" srcset=\"https:\/\/catherine-bluteau.fr\/wp-content\/uploads\/2023\/01\/Sans-titre.png 1080w, https:\/\/catherine-bluteau.fr\/wp-content\/uploads\/2023\/01\/Sans-titre-300x300.png 300w, https:\/\/catherine-bluteau.fr\/wp-content\/uploads\/2023\/01\/Sans-titre-1024x1024.png 1024w, https:\/\/catherine-bluteau.fr\/wp-content\/uploads\/2023\/01\/Sans-titre-150x150.png 150w, https:\/\/catherine-bluteau.fr\/wp-content\/uploads\/2023\/01\/Sans-titre-768x768.png 768w\" sizes=\"auto, (max-width: 1080px) 100vw, 1080px\" \/><div class=\"wp-block-cover__inner-container is-layout-flow wp-block-cover-is-layout-flow\">\n<h2 class=\"has-text-align-center has-white-color has-text-color wp-block-heading\">Module 1 :&nbsp; Fondamentaux de psychologie et troubles de l\u2019affectivit\u00e9 et de la vie \u00e9motionnelle.<\/h2>\n<\/div><\/div>\n\n\n\n<div style=\"height:30px\" aria-hidden=\"true\" class=\"wp-block-spacer\"><\/div>\n\n\n\n<div class=\"wp-block-buttons alignwide is-content-justification-center is-layout-flex wp-container-core-buttons-is-layout-16018d1d wp-block-buttons-is-layout-flex\">\n<div class=\"wp-block-button is-style-primary\"><a class=\"wp-block-button__link wp-element-button\" href=\"https:\/\/catherine-bluteau.fr\/index.php\/formations\/fondamentaux-de-psychologie-et-troubles-de-laffectivite-et-de-la-vie-emotionnelle\/\">D\u00e9couvrez ce module<\/a><\/div>\n<\/div>\n<\/div>\n\n\n\n<div class=\"wp-block-column has-white-color has-text-color is-layout-flow wp-block-column-is-layout-flow\">\n<div class=\"wp-block-cover is-light\" style=\"min-height:564px;aspect-ratio:unset;\"><span aria-hidden=\"true\" class=\"wp-block-cover__background has-background-dim\"><\/span><img loading=\"lazy\" decoding=\"async\" width=\"1080\" height=\"1080\" class=\"wp-block-cover__image-background wp-image-467\" alt=\"\" src=\"https:\/\/catherine-bluteau.fr\/wp-content\/uploads\/2023\/01\/gestalt.png\" data-object-fit=\"cover\" srcset=\"https:\/\/catherine-bluteau.fr\/wp-content\/uploads\/2023\/01\/gestalt.png 1080w, https:\/\/catherine-bluteau.fr\/wp-content\/uploads\/2023\/01\/gestalt-300x300.png 300w, https:\/\/catherine-bluteau.fr\/wp-content\/uploads\/2023\/01\/gestalt-1024x1024.png 1024w, https:\/\/catherine-bluteau.fr\/wp-content\/uploads\/2023\/01\/gestalt-150x150.png 150w, https:\/\/catherine-bluteau.fr\/wp-content\/uploads\/2023\/01\/gestalt-768x768.png 768w\" sizes=\"auto, (max-width: 1080px) 100vw, 1080px\" \/><div class=\"wp-block-cover__inner-container is-layout-flow wp-block-cover-is-layout-flow\">\n<h2 class=\"has-text-align-center has-white-color has-text-color has-large-font-size wp-block-heading\">Module 2 : Psychopathologie Relationnelle<\/h2>\n<\/div><\/div>\n\n\n\n<div style=\"height:30px\" aria-hidden=\"true\" class=\"wp-block-spacer\"><\/div>\n\n\n\n<div class=\"wp-block-buttons is-content-justification-center is-layout-flex wp-container-core-buttons-is-layout-16018d1d wp-block-buttons-is-layout-flex\">\n<div class=\"wp-block-button is-style-primary\"><a class=\"wp-block-button__link wp-element-button\" href=\"https:\/\/catherine-bluteau.fr\/index.php\/formations\/psychopathologie-relationnelle\/\">D\u00e9couvrez ce module<\/a><\/div>\n<\/div>\n<\/div>\n<\/div>\n<\/div>\n<\/div>\n\n\n\n<div class=\"wp-block-cover is-light has-parallax\"><span aria-hidden=\"true\" class=\"wp-block-cover__background has-body-background-color has-background-dim\"><\/span><div role=\"img\" class=\"wp-block-cover__image-background wp-image-115 has-parallax\" style=\"background-position:50% 50%;background-image:url(https:\/\/catherine-bluteau.fr\/wp-content\/uploads\/2022\/10\/300975948_1436324170176643_3158015975525991168_n.jpg)\"><\/div><div class=\"wp-block-cover__inner-container is-layout-flow wp-block-cover-is-layout-flow\">\n<p class=\"has-medium-font-size\"><strong>Des ateliers pratiques sont mis en place tout au long des sessions afin de b\u00e9n\u00e9ficier de ces apprentissages dans la posture th\u00e9rapeutique.<\/strong><\/p>\n\n\n\n<p><strong>Ateliers pratiques : <\/strong><\/p>\n\n\n\n<p><\/p>\n\n\n\n<ul class=\"wp-block-list\">\n<li><strong>jeux de r\u00f4les sur les m\u00e9canismes de d\u00e9fense<\/strong><\/li>\n\n\n\n<li><strong>Exploration du monde symbolique par deux, d\u2019un r\u00eave ou autre mat\u00e9riau<\/strong><\/li>\n\n\n\n<li><strong>Brainstorming en petits groupes sur les \u00e9motions<\/strong><\/li>\n\n\n\n<li><strong>Accueil en auto-empathie d\u2019un v\u00e9cu \u00e9motionnel difficile<\/strong><\/li>\n\n\n\n<li><strong>Exercices psycho-corporels \u2192 importance du corps dans la posture d\u2019accompagnement<\/strong><\/li>\n\n\n\n<li><strong>Pratiques d\u2019ancrage.<\/strong><\/li>\n\n\n\n<li><strong>Divers exercices en bin\u00f4mes en situation d\u2019accompagnement (posture, \u00e9coute, formulations)<\/strong><\/li>\n<\/ul>\n<\/div><\/div>\n\n\n\n<div style=\"height:100px\" aria-hidden=\"true\" class=\"wp-block-spacer\"><\/div>\n","protected":false},"excerpt":{"rendered":"<p>Mes formations Cl\u00e9s de la Psychologie J\u2019interviens en tant que formatrice au Centre de Formation en Kin\u00e9siologie (CFK de Bordeaux, dirig\u00e9 par Laurence Bastide), sur des notions de base en psychologie et psychopathologie. Je peux intervenir dans diff\u00e9rentes structures. N\u2019h\u00e9sitez pas \u00e0 me contacter \u00e0 ce sujet.<\/p>\n","protected":false},"author":1,"featured_media":0,"parent":0,"menu_order":0,"comment_status":"closed","ping_status":"closed","template":"","meta":{"neve_meta_sidebar":"","neve_meta_container":"","neve_meta_enable_content_width":"","neve_meta_content_width":0,"neve_meta_title_alignment":"","neve_meta_author_avatar":"","neve_post_elements_order":"","neve_meta_disable_header":"","neve_meta_disable_footer":"","neve_meta_disable_title":"","_themeisle_gutenberg_block_has_review":false,"footnotes":""},"class_list":["post-21","page","type-page","status-publish","hentry"],"yoast_head":"<!-- This site is optimized with the Yoast SEO plugin v27.4 - https:\/\/yoast.com\/product\/yoast-seo-wordpress\/ -->\n<title>Formations - Catherine Bluteau<\/title>\n<meta name=\"robots\" content=\"index, follow, max-snippet:-1, max-image-preview:large, max-video-preview:-1\" \/>\n<link rel=\"canonical\" href=\"https:\/\/catherine-bluteau.fr\/index.php\/formations\/\" \/>\n<meta property=\"og:locale\" content=\"fr_FR\" \/>\n<meta property=\"og:type\" content=\"article\" \/>\n<meta property=\"og:title\" content=\"Formations - Catherine Bluteau\" \/>\n<meta property=\"og:description\" content=\"Mes formations Cl\u00e9s de la Psychologie J\u2019interviens en tant que formatrice au Centre de Formation en Kin\u00e9siologie (CFK de Bordeaux, dirig\u00e9 par Laurence Bastide), sur des notions de base en psychologie et psychopathologie. Je peux intervenir dans diff\u00e9rentes structures. N\u2019h\u00e9sitez pas \u00e0 me contacter \u00e0 ce sujet.\" \/>\n<meta property=\"og:url\" content=\"https:\/\/catherine-bluteau.fr\/index.php\/formations\/\" \/>\n<meta property=\"og:site_name\" content=\"Catherine Bluteau\" \/>\n<meta property=\"article:publisher\" content=\"https:\/\/fr-fr.facebook.com\/people\/Catherine-Bluteau\/100003231347410\/\" \/>\n<meta property=\"article:modified_time\" content=\"2023-01-27T12:18:14+00:00\" \/>\n<meta property=\"og:image\" content=\"https:\/\/catherine-bluteau.fr\/wp-content\/uploads\/2023\/01\/Sans-titre.png\" \/>\n<meta name=\"twitter:card\" content=\"summary_large_image\" \/>\n<meta name=\"twitter:label1\" content=\"Dur\u00e9e de lecture estim\u00e9e\" \/>\n\t<meta name=\"twitter:data1\" content=\"2 minutes\" \/>\n<script type=\"application\/ld+json\" class=\"yoast-schema-graph\">{\"@context\":\"https:\\\/\\\/schema.org\",\"@graph\":[{\"@type\":\"WebPage\",\"@id\":\"https:\\\/\\\/catherine-bluteau.fr\\\/index.php\\\/formations\\\/\",\"url\":\"https:\\\/\\\/catherine-bluteau.fr\\\/index.php\\\/formations\\\/\",\"name\":\"Formations - Catherine Bluteau\",\"isPartOf\":{\"@id\":\"https:\\\/\\\/catherine-bluteau.fr\\\/#website\"},\"primaryImageOfPage\":{\"@id\":\"https:\\\/\\\/catherine-bluteau.fr\\\/index.php\\\/formations\\\/#primaryimage\"},\"image\":{\"@id\":\"https:\\\/\\\/catherine-bluteau.fr\\\/index.php\\\/formations\\\/#primaryimage\"},\"thumbnailUrl\":\"https:\\\/\\\/catherine-bluteau.fr\\\/wp-content\\\/uploads\\\/2023\\\/01\\\/Sans-titre.png\",\"datePublished\":\"2022-10-24T13:49:29+00:00\",\"dateModified\":\"2023-01-27T12:18:14+00:00\",\"breadcrumb\":{\"@id\":\"https:\\\/\\\/catherine-bluteau.fr\\\/index.php\\\/formations\\\/#breadcrumb\"},\"inLanguage\":\"fr-FR\",\"potentialAction\":[{\"@type\":\"ReadAction\",\"target\":[\"https:\\\/\\\/catherine-bluteau.fr\\\/index.php\\\/formations\\\/\"]}]},{\"@type\":\"ImageObject\",\"inLanguage\":\"fr-FR\",\"@id\":\"https:\\\/\\\/catherine-bluteau.fr\\\/index.php\\\/formations\\\/#primaryimage\",\"url\":\"https:\\\/\\\/catherine-bluteau.fr\\\/wp-content\\\/uploads\\\/2023\\\/01\\\/Sans-titre.png\",\"contentUrl\":\"https:\\\/\\\/catherine-bluteau.fr\\\/wp-content\\\/uploads\\\/2023\\\/01\\\/Sans-titre.png\",\"width\":1080,\"height\":1080},{\"@type\":\"BreadcrumbList\",\"@id\":\"https:\\\/\\\/catherine-bluteau.fr\\\/index.php\\\/formations\\\/#breadcrumb\",\"itemListElement\":[{\"@type\":\"ListItem\",\"position\":1,\"name\":\"Accueil\",\"item\":\"https:\\\/\\\/catherine-bluteau.fr\\\/\"},{\"@type\":\"ListItem\",\"position\":2,\"name\":\"Formations\"}]},{\"@type\":\"WebSite\",\"@id\":\"https:\\\/\\\/catherine-bluteau.fr\\\/#website\",\"url\":\"https:\\\/\\\/catherine-bluteau.fr\\\/\",\"name\":\"Catherine Bluteau\",\"description\":\"\",\"publisher\":{\"@id\":\"https:\\\/\\\/catherine-bluteau.fr\\\/#organization\"},\"potentialAction\":[{\"@type\":\"SearchAction\",\"target\":{\"@type\":\"EntryPoint\",\"urlTemplate\":\"https:\\\/\\\/catherine-bluteau.fr\\\/?s={search_term_string}\"},\"query-input\":{\"@type\":\"PropertyValueSpecification\",\"valueRequired\":true,\"valueName\":\"search_term_string\"}}],\"inLanguage\":\"fr-FR\"},{\"@type\":\"Organization\",\"@id\":\"https:\\\/\\\/catherine-bluteau.fr\\\/#organization\",\"name\":\"Catherine Bluteau\",\"url\":\"https:\\\/\\\/catherine-bluteau.fr\\\/\",\"logo\":{\"@type\":\"ImageObject\",\"inLanguage\":\"fr-FR\",\"@id\":\"https:\\\/\\\/catherine-bluteau.fr\\\/#\\\/schema\\\/logo\\\/image\\\/\",\"url\":\"https:\\\/\\\/catherine-bluteau.fr\\\/wp-content\\\/uploads\\\/2022\\\/10\\\/cropped-c.Bluteau.png\",\"contentUrl\":\"https:\\\/\\\/catherine-bluteau.fr\\\/wp-content\\\/uploads\\\/2022\\\/10\\\/cropped-c.Bluteau.png\",\"width\":200,\"height\":200,\"caption\":\"Catherine Bluteau\"},\"image\":{\"@id\":\"https:\\\/\\\/catherine-bluteau.fr\\\/#\\\/schema\\\/logo\\\/image\\\/\"},\"sameAs\":[\"https:\\\/\\\/fr-fr.facebook.com\\\/people\\\/Catherine-Bluteau\\\/100003231347410\\\/\",\"https:\\\/\\\/www.instagram.com\\\/catherine_bluteau_psychotherap\\\/\"]}]}<\/script>\n<!-- \/ Yoast SEO plugin. -->","yoast_head_json":{"title":"Formations - Catherine Bluteau","robots":{"index":"index","follow":"follow","max-snippet":"max-snippet:-1","max-image-preview":"max-image-preview:large","max-video-preview":"max-video-preview:-1"},"canonical":"https:\/\/catherine-bluteau.fr\/index.php\/formations\/","og_locale":"fr_FR","og_type":"article","og_title":"Formations - Catherine Bluteau","og_description":"Mes formations Cl\u00e9s de la Psychologie J\u2019interviens en tant que formatrice au Centre de Formation en Kin\u00e9siologie (CFK de Bordeaux, dirig\u00e9 par Laurence Bastide), sur des notions de base en psychologie et psychopathologie. Je peux intervenir dans diff\u00e9rentes structures. N\u2019h\u00e9sitez pas \u00e0 me contacter \u00e0 ce sujet.","og_url":"https:\/\/catherine-bluteau.fr\/index.php\/formations\/","og_site_name":"Catherine Bluteau","article_publisher":"https:\/\/fr-fr.facebook.com\/people\/Catherine-Bluteau\/100003231347410\/","article_modified_time":"2023-01-27T12:18:14+00:00","og_image":[{"url":"https:\/\/catherine-bluteau.fr\/wp-content\/uploads\/2023\/01\/Sans-titre.png","type":"","width":"","height":""}],"twitter_card":"summary_large_image","twitter_misc":{"Dur\u00e9e de lecture estim\u00e9e":"2 minutes"},"schema":{"@context":"https:\/\/schema.org","@graph":[{"@type":"WebPage","@id":"https:\/\/catherine-bluteau.fr\/index.php\/formations\/","url":"https:\/\/catherine-bluteau.fr\/index.php\/formations\/","name":"Formations - Catherine Bluteau","isPartOf":{"@id":"https:\/\/catherine-bluteau.fr\/#website"},"primaryImageOfPage":{"@id":"https:\/\/catherine-bluteau.fr\/index.php\/formations\/#primaryimage"},"image":{"@id":"https:\/\/catherine-bluteau.fr\/index.php\/formations\/#primaryimage"},"thumbnailUrl":"https:\/\/catherine-bluteau.fr\/wp-content\/uploads\/2023\/01\/Sans-titre.png","datePublished":"2022-10-24T13:49:29+00:00","dateModified":"2023-01-27T12:18:14+00:00","breadcrumb":{"@id":"https:\/\/catherine-bluteau.fr\/index.php\/formations\/#breadcrumb"},"inLanguage":"fr-FR","potentialAction":[{"@type":"ReadAction","target":["https:\/\/catherine-bluteau.fr\/index.php\/formations\/"]}]},{"@type":"ImageObject","inLanguage":"fr-FR","@id":"https:\/\/catherine-bluteau.fr\/index.php\/formations\/#primaryimage","url":"https:\/\/catherine-bluteau.fr\/wp-content\/uploads\/2023\/01\/Sans-titre.png","contentUrl":"https:\/\/catherine-bluteau.fr\/wp-content\/uploads\/2023\/01\/Sans-titre.png","width":1080,"height":1080},{"@type":"BreadcrumbList","@id":"https:\/\/catherine-bluteau.fr\/index.php\/formations\/#breadcrumb","itemListElement":[{"@type":"ListItem","position":1,"name":"Accueil","item":"https:\/\/catherine-bluteau.fr\/"},{"@type":"ListItem","position":2,"name":"Formations"}]},{"@type":"WebSite","@id":"https:\/\/catherine-bluteau.fr\/#website","url":"https:\/\/catherine-bluteau.fr\/","name":"Catherine Bluteau","description":"","publisher":{"@id":"https:\/\/catherine-bluteau.fr\/#organization"},"potentialAction":[{"@type":"SearchAction","target":{"@type":"EntryPoint","urlTemplate":"https:\/\/catherine-bluteau.fr\/?s={search_term_string}"},"query-input":{"@type":"PropertyValueSpecification","valueRequired":true,"valueName":"search_term_string"}}],"inLanguage":"fr-FR"},{"@type":"Organization","@id":"https:\/\/catherine-bluteau.fr\/#organization","name":"Catherine Bluteau","url":"https:\/\/catherine-bluteau.fr\/","logo":{"@type":"ImageObject","inLanguage":"fr-FR","@id":"https:\/\/catherine-bluteau.fr\/#\/schema\/logo\/image\/","url":"https:\/\/catherine-bluteau.fr\/wp-content\/uploads\/2022\/10\/cropped-c.Bluteau.png","contentUrl":"https:\/\/catherine-bluteau.fr\/wp-content\/uploads\/2022\/10\/cropped-c.Bluteau.png","width":200,"height":200,"caption":"Catherine Bluteau"},"image":{"@id":"https:\/\/catherine-bluteau.fr\/#\/schema\/logo\/image\/"},"sameAs":["https:\/\/fr-fr.facebook.com\/people\/Catherine-Bluteau\/100003231347410\/","https:\/\/www.instagram.com\/catherine_bluteau_psychotherap\/"]}]}},"_links":{"self":[{"href":"https:\/\/catherine-bluteau.fr\/index.php\/wp-json\/wp\/v2\/pages\/21","targetHints":{"allow":["GET"]}}],"collection":[{"href":"https:\/\/catherine-bluteau.fr\/index.php\/wp-json\/wp\/v2\/pages"}],"about":[{"href":"https:\/\/catherine-bluteau.fr\/index.php\/wp-json\/wp\/v2\/types\/page"}],"author":[{"embeddable":true,"href":"https:\/\/catherine-bluteau.fr\/index.php\/wp-json\/wp\/v2\/users\/1"}],"replies":[{"embeddable":true,"href":"https:\/\/catherine-bluteau.fr\/index.php\/wp-json\/wp\/v2\/comments?post=21"}],"version-history":[{"count":57,"href":"https:\/\/catherine-bluteau.fr\/index.php\/wp-json\/wp\/v2\/pages\/21\/revisions"}],"predecessor-version":[{"id":685,"href":"https:\/\/catherine-bluteau.fr\/index.php\/wp-json\/wp\/v2\/pages\/21\/revisions\/685"}],"wp:attachment":[{"href":"https:\/\/catherine-bluteau.fr\/index.php\/wp-json\/wp\/v2\/media?parent=21"}],"curies":[{"name":"wp","href":"https:\/\/api.w.org\/{rel}","templated":true}]}}