{"id":19,"date":"2022-10-24T15:49:08","date_gmt":"2022-10-24T13:49:08","guid":{"rendered":"https:\/\/catherine-bluteau.fr\/?page_id=19"},"modified":"2023-01-20T10:55:56","modified_gmt":"2023-01-20T09:55:56","slug":"une-psychopraticienne-cest-quoi","status":"publish","type":"page","link":"https:\/\/catherine-bluteau.fr\/index.php\/une-psychopraticienne-cest-quoi\/","title":{"rendered":"Une psychopraticienne c&rsquo;est quoi ?"},"content":{"rendered":"\n<div class=\"wp-block-columns is-layout-flex wp-container-core-columns-is-layout-9d6595d7 wp-block-columns-is-layout-flex\">\n<div class=\"wp-block-column is-layout-flow wp-block-column-is-layout-flow\">\r\n\t\t<div  class=\"block-0f0f3a46-5b36-4f56-ae03-e1b55093f0fb areoi-tabs\">\r\n\t\t\t\n\r\n\t\t<nav  class=\"block-7b535406-01f7-45c6-bf5f-989fca6f1907 nav ticss-4158aecf nav-tabs\">\r\n\t\t\t\n\r\n\t\t<a  class=\"block-9008dabc-6e53-4b52-8635-dcfe0ca93de6 nav-link active\" href=\"#tab-1\">\r\n\t\t\tUn(e) psychopraticien(ne), c\u2019est quoi\u00a0?\r\n\t\t<\/a>\r\n\t\n\n\r\n\t\t<a  class=\"block-53f4f67c-6547-4509-b091-b184188b96dc nav-link\" href=\"#tab-2\">\r\n\t\t\tLE PSYCHIATRE\/LE PSYCHOLOGUE\/LE PSYCHANALYSTE\r\n\t\t<\/a>\r\n\t\n \r\n\t\t<\/nav>\r\n\t\n\n\r\n\t\t<div id=\"tab-1\" class=\"block-32e25db6-cab9-4b9e-94be-90ac835d7d37 areoi-element\">\r\n\t\t\t\r\n\t\t\t\n\n<p>\u2018<em>Psychopraticien\u2019<\/em> est aujourd\u2019hui le terme utilis\u00e9 pour regrouper tous les professionnels pratiquant la <strong>psychoth\u00e9rapie<\/strong>.&nbsp;<\/p>\n\n\n\n<p><strong>Il est sp\u00e9cialiste<\/strong> des <strong>m\u00e9thodes de psychoth\u00e9rapie <\/strong>particuli\u00e8res \u00e0 son \u00e9cole <em>(Gestalt-th\u00e9rapie, Hypnose, EMDR, sophrologie, Relaxoth\u00e9rapie, art-th\u00e9rapie etc\u2026).&nbsp;<\/em><\/p>\n\n\n\n<p>La Gestalt, la relaxoth\u00e9rapie, la psychologie analytique de Jung, les exercices psycho-corporel et la danse-th\u00e9rapie, font partie des m\u00e9thodes sur lesquelles j\u2019ai construit mon accompagnement.<\/p>\n\n\n\n<p>Le terme&nbsp;<strong>psychopraticien<\/strong>&nbsp;correspond \u00e0 l\u2019ancien titre du \u00ab <strong>psychoth\u00e9rapeute<\/strong> \u00bb, qui est depuis 2009 r\u00e9serv\u00e9 aux m\u00e9decins ou aux titulaires d\u2019un master (sp\u00e9cialit\u00e9 psychologie ou psychanalyse).<\/p>\n\n\n\n<p>Un psychopraticien a suivi une <strong>Ecole de Psychoth\u00e9rapie<\/strong> entre 3 et 5 ans dont il est certifi\u00e9.&nbsp;&nbsp;<\/p>\n\n\n\n<p>L\u2019Ecole o\u00f9<strong> je me suis form\u00e9e<\/strong> SAVOIR PSY (Paris) est reconnue par la FF2P (F\u00e9d\u00e9ration Fran\u00e7aise de Psychoth\u00e9rapie et de Psychanalyse).<\/p>\n\n\n\n<p>Il aide les personnes \u00e0 <strong>mieux se servir de leurs capacit\u00e9s \u00e9motionnelles<\/strong>, <strong>psychocorporelles<\/strong>, <strong>relationnelles<\/strong> et <strong>intellectuelles<\/strong> pour mener une vie plus harmonieuse et plus satisfaisante. Il aide ainsi le patient \u00e0 mieux se comprendre et \u00e0 adopter de nouveaux angles de vues sur lui-m\u00eame, et son environnement.<\/p>\n\n\n\n<p>Un processus se met alors en \u0153uvre qui implique le savoir-faire et le savoir-\u00eatre du th\u00e9rapeute ainsi que la motivation et l\u2019engagement de la personne ayant recours aux services du psychopraticien.&nbsp;<\/p>\n\n\n\n<p>La <strong>confiance mutuelle<\/strong> (<strong><em>alliance th\u00e9rapeutique<\/em><\/strong>) qui s\u2019\u00e9tablit entre le patient et son th\u00e9rapeute est un \u00e9l\u00e9ment d\u00e9terminant dans la progression du processus initi\u00e9.&nbsp;<\/p>\n\n\n\n<p><strong>Le titre de Psychopraticienne n\u00e9cessite<\/strong> :<\/p>\n\n\n\n<p>&#8211; D\u2019avoir appris une ou plusieurs m\u00e9thodes de psychoth\u00e9rapie<\/p>\n\n\n\n<p>&#8211; D\u2019avoir suivi une psychoth\u00e9rapie ou une analyse individuelle. Cela permet notamment de ne pas transf\u00e9rer ses probl\u00e8mes sur ses patients.<\/p>\n\n\n\n<p>&#8211; D\u2019\u00eatre supervis\u00e9e en continu par un professionnel aguerri.<\/p>\n\n\n\n<p>&#8211; De s\u2019engager \u00e0 respecter le code de d\u00e9ontologie de la profession.<\/p>\n\n\r\n\t\t\t \r\n\t\t<\/div>\r\n\t\n\n\r\n\t\t<div id=\"tab-2\" class=\"block-8ed723ae-b89f-4370-9ac7-68495ff4f1a6 areoi-element\">\r\n\t\t\t\r\n\t\t\t\n\n<p>\u25cf <strong>LE PSYCHIATRE<\/strong> : Le psychiatre est un <strong>m\u00e9decin<\/strong>, dipl\u00f4m\u00e9 de la facult\u00e9 de m\u00e9decine, sp\u00e9cialis\u00e9 en psychiatrie.\u00a0<\/p>\n\n\n\n<p>Il est donc habilit\u00e9 \u00e0 prescrire des m\u00e9dicaments, pour les <strong>troubles<\/strong> <strong>psychologiques ou psychiatriques<\/strong> que pr\u00e9sentent ses patients.<\/p>\n\n\n\n<p>La psychiatrie vise le traitement des <strong>maladies mentales<\/strong> comme les probl\u00e8mes dans la structure de la personnalit\u00e9 (par exemple, la schizophr\u00e9nie et la parano\u00efa), les <strong>troubles importants du comportement.<\/strong><\/p>\n\n\n\n<p>Il peut travailler en conjonction avec un psychopraticien ou psychologue, qui fera un accompagnement d\u2019\u00e9coute en parall\u00e8le au suivi m\u00e9dical.<\/p>\n\n\n\n<p>\u25cf <strong>LE PSYCHOLOGUE<\/strong> : Le psychologue est une personne dipl\u00f4m\u00e9e d\u2019un master (dipl\u00f4me universitaire) de la <strong>facult\u00e9 de psychologie<\/strong>, et est sp\u00e9cialiste des <strong>processus mentaux<\/strong>.<\/p>\n\n\n\n<p>Il utilise principalement deux m\u00e9thodes, non exclusives : l\u2019entretien clinique et les tests qui permettent d\u2019\u00e9valuer les diff\u00e9rentes capacit\u00e9s d\u2019un client.&nbsp;<\/p>\n\n\n\n<p>Ils interviennent dans diff\u00e9rents domaines, notamment en tant que psychologue scolaire, psychologue du travail, psychologue clinicienne.<\/p>\n\n\n\n<p>Son savoir est universitaire et son approche scientifique, tout comme le psychiatre.<\/p>\n\n\n\n<p>\u25cf <strong>LE PSYCHANALYSTE<\/strong>\u00a0:\u00a0 Le psychanalyste d\u00e9signe un th\u00e9rapeute ayant lui-m\u00eame <strong>suivi une psychanalyse compl\u00e8te<\/strong>, ainsi qu\u2019une <strong>psychanalyse didactique.\u00a0<\/strong><\/p>\n\n\n\n<p>Cette pratique vise \u00e0 soulager les patients par l&rsquo;<strong>exploration de leur inconscient&nbsp;<\/strong>afin de les aider \u00e0 r\u00e9soudre leurs difficult\u00e9s psychologiques, selon les m\u00e9thodes d\u00e9velopp\u00e9es par Sigmund <strong>Freud <\/strong>principalement, mais ayant inspir\u00e9 d\u2019autres figures connues de ce mouvement C.G. <strong>Jung<\/strong>, <strong>Lacan <\/strong>ou Ferenczi par exemple.&nbsp;Le psychanalyste <strong>peut <\/strong>donc tout \u00e0 fait <strong>avoir un (ou plusieurs) des titres pr\u00e9c\u00e9dents<\/strong>, ou en cumuler plusieurs en plus de sa pratique de la psychanalyse.<\/p>\n\n\r\n\t\t\t \r\n\t\t<\/div>\r\n\t\n \r\n\t\t<\/div>\r\n\t<\/div>\n<\/div>\n","protected":false},"excerpt":{"rendered":"","protected":false},"author":1,"featured_media":0,"parent":0,"menu_order":0,"comment_status":"closed","ping_status":"closed","template":"","meta":{"neve_meta_sidebar":"","neve_meta_container":"","neve_meta_enable_content_width":"","neve_meta_content_width":0,"neve_meta_title_alignment":"","neve_meta_author_avatar":"","neve_post_elements_order":"","neve_meta_disable_header":"","neve_meta_disable_footer":"","neve_meta_disable_title":"","_themeisle_gutenberg_block_has_review":false,"footnotes":""},"class_list":["post-19","page","type-page","status-publish","hentry"],"yoast_head":"<!-- This site is optimized with the Yoast SEO plugin v27.4 - https:\/\/yoast.com\/product\/yoast-seo-wordpress\/ -->\n<title>Une psychopraticienne c&#039;est quoi ? - Catherine Bluteau<\/title>\n<meta name=\"robots\" content=\"index, follow, max-snippet:-1, max-image-preview:large, max-video-preview:-1\" \/>\n<link rel=\"canonical\" href=\"https:\/\/catherine-bluteau.fr\/index.php\/une-psychopraticienne-cest-quoi\/\" \/>\n<meta property=\"og:locale\" content=\"fr_FR\" \/>\n<meta property=\"og:type\" content=\"article\" \/>\n<meta property=\"og:title\" content=\"Une psychopraticienne c&#039;est quoi ? - Catherine Bluteau\" \/>\n<meta property=\"og:url\" content=\"https:\/\/catherine-bluteau.fr\/index.php\/une-psychopraticienne-cest-quoi\/\" \/>\n<meta property=\"og:site_name\" content=\"Catherine Bluteau\" \/>\n<meta property=\"article:publisher\" content=\"https:\/\/fr-fr.facebook.com\/people\/Catherine-Bluteau\/100003231347410\/\" \/>\n<meta property=\"article:modified_time\" content=\"2023-01-20T09:55:56+00:00\" \/>\n<meta name=\"twitter:card\" content=\"summary_large_image\" \/>\n<meta name=\"twitter:label1\" content=\"Dur\u00e9e de lecture estim\u00e9e\" \/>\n\t<meta name=\"twitter:data1\" content=\"3 minutes\" \/>\n<script type=\"application\/ld+json\" class=\"yoast-schema-graph\">{\"@context\":\"https:\\\/\\\/schema.org\",\"@graph\":[{\"@type\":\"WebPage\",\"@id\":\"https:\\\/\\\/catherine-bluteau.fr\\\/index.php\\\/une-psychopraticienne-cest-quoi\\\/\",\"url\":\"https:\\\/\\\/catherine-bluteau.fr\\\/index.php\\\/une-psychopraticienne-cest-quoi\\\/\",\"name\":\"Une psychopraticienne c'est quoi ? - Catherine Bluteau\",\"isPartOf\":{\"@id\":\"https:\\\/\\\/catherine-bluteau.fr\\\/#website\"},\"datePublished\":\"2022-10-24T13:49:08+00:00\",\"dateModified\":\"2023-01-20T09:55:56+00:00\",\"breadcrumb\":{\"@id\":\"https:\\\/\\\/catherine-bluteau.fr\\\/index.php\\\/une-psychopraticienne-cest-quoi\\\/#breadcrumb\"},\"inLanguage\":\"fr-FR\",\"potentialAction\":[{\"@type\":\"ReadAction\",\"target\":[\"https:\\\/\\\/catherine-bluteau.fr\\\/index.php\\\/une-psychopraticienne-cest-quoi\\\/\"]}]},{\"@type\":\"BreadcrumbList\",\"@id\":\"https:\\\/\\\/catherine-bluteau.fr\\\/index.php\\\/une-psychopraticienne-cest-quoi\\\/#breadcrumb\",\"itemListElement\":[{\"@type\":\"ListItem\",\"position\":1,\"name\":\"Accueil\",\"item\":\"https:\\\/\\\/catherine-bluteau.fr\\\/\"},{\"@type\":\"ListItem\",\"position\":2,\"name\":\"Une psychopraticienne c&rsquo;est quoi ?\"}]},{\"@type\":\"WebSite\",\"@id\":\"https:\\\/\\\/catherine-bluteau.fr\\\/#website\",\"url\":\"https:\\\/\\\/catherine-bluteau.fr\\\/\",\"name\":\"Catherine Bluteau\",\"description\":\"\",\"publisher\":{\"@id\":\"https:\\\/\\\/catherine-bluteau.fr\\\/#organization\"},\"potentialAction\":[{\"@type\":\"SearchAction\",\"target\":{\"@type\":\"EntryPoint\",\"urlTemplate\":\"https:\\\/\\\/catherine-bluteau.fr\\\/?s={search_term_string}\"},\"query-input\":{\"@type\":\"PropertyValueSpecification\",\"valueRequired\":true,\"valueName\":\"search_term_string\"}}],\"inLanguage\":\"fr-FR\"},{\"@type\":\"Organization\",\"@id\":\"https:\\\/\\\/catherine-bluteau.fr\\\/#organization\",\"name\":\"Catherine Bluteau\",\"url\":\"https:\\\/\\\/catherine-bluteau.fr\\\/\",\"logo\":{\"@type\":\"ImageObject\",\"inLanguage\":\"fr-FR\",\"@id\":\"https:\\\/\\\/catherine-bluteau.fr\\\/#\\\/schema\\\/logo\\\/image\\\/\",\"url\":\"https:\\\/\\\/catherine-bluteau.fr\\\/wp-content\\\/uploads\\\/2022\\\/10\\\/cropped-c.Bluteau.png\",\"contentUrl\":\"https:\\\/\\\/catherine-bluteau.fr\\\/wp-content\\\/uploads\\\/2022\\\/10\\\/cropped-c.Bluteau.png\",\"width\":200,\"height\":200,\"caption\":\"Catherine Bluteau\"},\"image\":{\"@id\":\"https:\\\/\\\/catherine-bluteau.fr\\\/#\\\/schema\\\/logo\\\/image\\\/\"},\"sameAs\":[\"https:\\\/\\\/fr-fr.facebook.com\\\/people\\\/Catherine-Bluteau\\\/100003231347410\\\/\",\"https:\\\/\\\/www.instagram.com\\\/catherine_bluteau_psychotherap\\\/\"]}]}<\/script>\n<!-- \/ Yoast SEO plugin. -->","yoast_head_json":{"title":"Une psychopraticienne c'est quoi ? - Catherine Bluteau","robots":{"index":"index","follow":"follow","max-snippet":"max-snippet:-1","max-image-preview":"max-image-preview:large","max-video-preview":"max-video-preview:-1"},"canonical":"https:\/\/catherine-bluteau.fr\/index.php\/une-psychopraticienne-cest-quoi\/","og_locale":"fr_FR","og_type":"article","og_title":"Une psychopraticienne c'est quoi ? - Catherine Bluteau","og_url":"https:\/\/catherine-bluteau.fr\/index.php\/une-psychopraticienne-cest-quoi\/","og_site_name":"Catherine Bluteau","article_publisher":"https:\/\/fr-fr.facebook.com\/people\/Catherine-Bluteau\/100003231347410\/","article_modified_time":"2023-01-20T09:55:56+00:00","twitter_card":"summary_large_image","twitter_misc":{"Dur\u00e9e de lecture estim\u00e9e":"3 minutes"},"schema":{"@context":"https:\/\/schema.org","@graph":[{"@type":"WebPage","@id":"https:\/\/catherine-bluteau.fr\/index.php\/une-psychopraticienne-cest-quoi\/","url":"https:\/\/catherine-bluteau.fr\/index.php\/une-psychopraticienne-cest-quoi\/","name":"Une psychopraticienne c'est quoi ? - Catherine Bluteau","isPartOf":{"@id":"https:\/\/catherine-bluteau.fr\/#website"},"datePublished":"2022-10-24T13:49:08+00:00","dateModified":"2023-01-20T09:55:56+00:00","breadcrumb":{"@id":"https:\/\/catherine-bluteau.fr\/index.php\/une-psychopraticienne-cest-quoi\/#breadcrumb"},"inLanguage":"fr-FR","potentialAction":[{"@type":"ReadAction","target":["https:\/\/catherine-bluteau.fr\/index.php\/une-psychopraticienne-cest-quoi\/"]}]},{"@type":"BreadcrumbList","@id":"https:\/\/catherine-bluteau.fr\/index.php\/une-psychopraticienne-cest-quoi\/#breadcrumb","itemListElement":[{"@type":"ListItem","position":1,"name":"Accueil","item":"https:\/\/catherine-bluteau.fr\/"},{"@type":"ListItem","position":2,"name":"Une psychopraticienne c&rsquo;est quoi ?"}]},{"@type":"WebSite","@id":"https:\/\/catherine-bluteau.fr\/#website","url":"https:\/\/catherine-bluteau.fr\/","name":"Catherine Bluteau","description":"","publisher":{"@id":"https:\/\/catherine-bluteau.fr\/#organization"},"potentialAction":[{"@type":"SearchAction","target":{"@type":"EntryPoint","urlTemplate":"https:\/\/catherine-bluteau.fr\/?s={search_term_string}"},"query-input":{"@type":"PropertyValueSpecification","valueRequired":true,"valueName":"search_term_string"}}],"inLanguage":"fr-FR"},{"@type":"Organization","@id":"https:\/\/catherine-bluteau.fr\/#organization","name":"Catherine Bluteau","url":"https:\/\/catherine-bluteau.fr\/","logo":{"@type":"ImageObject","inLanguage":"fr-FR","@id":"https:\/\/catherine-bluteau.fr\/#\/schema\/logo\/image\/","url":"https:\/\/catherine-bluteau.fr\/wp-content\/uploads\/2022\/10\/cropped-c.Bluteau.png","contentUrl":"https:\/\/catherine-bluteau.fr\/wp-content\/uploads\/2022\/10\/cropped-c.Bluteau.png","width":200,"height":200,"caption":"Catherine Bluteau"},"image":{"@id":"https:\/\/catherine-bluteau.fr\/#\/schema\/logo\/image\/"},"sameAs":["https:\/\/fr-fr.facebook.com\/people\/Catherine-Bluteau\/100003231347410\/","https:\/\/www.instagram.com\/catherine_bluteau_psychotherap\/"]}]}},"_links":{"self":[{"href":"https:\/\/catherine-bluteau.fr\/index.php\/wp-json\/wp\/v2\/pages\/19","targetHints":{"allow":["GET"]}}],"collection":[{"href":"https:\/\/catherine-bluteau.fr\/index.php\/wp-json\/wp\/v2\/pages"}],"about":[{"href":"https:\/\/catherine-bluteau.fr\/index.php\/wp-json\/wp\/v2\/types\/page"}],"author":[{"embeddable":true,"href":"https:\/\/catherine-bluteau.fr\/index.php\/wp-json\/wp\/v2\/users\/1"}],"replies":[{"embeddable":true,"href":"https:\/\/catherine-bluteau.fr\/index.php\/wp-json\/wp\/v2\/comments?post=19"}],"version-history":[{"count":8,"href":"https:\/\/catherine-bluteau.fr\/index.php\/wp-json\/wp\/v2\/pages\/19\/revisions"}],"predecessor-version":[{"id":481,"href":"https:\/\/catherine-bluteau.fr\/index.php\/wp-json\/wp\/v2\/pages\/19\/revisions\/481"}],"wp:attachment":[{"href":"https:\/\/catherine-bluteau.fr\/index.php\/wp-json\/wp\/v2\/media?parent=19"}],"curies":[{"name":"wp","href":"https:\/\/api.w.org\/{rel}","templated":true}]}}